{"id":3897,"date":"2023-08-08T13:29:27","date_gmt":"2023-08-08T10:29:27","guid":{"rendered":"https:\/\/p2ptanitim.com\/?page_id=3897"},"modified":"2023-08-08T13:29:27","modified_gmt":"2023-08-08T10:29:27","slug":"danismanlik-fiyatlandirma","status":"publish","type":"page","link":"https:\/\/p2ptanitim.com\/index.php\/danismanlik-fiyatlandirma\/","title":{"rendered":"Dan\u0131\u015fmanl\u0131k Fiyatland\u0131rma"},"content":{"rendered":"","protected":false},"excerpt":{"rendered":"","protected":false},"author":1,"featured_media":0,"parent":0,"menu_order":0,"comment_status":"closed","ping_status":"closed","template":"","meta":{"footnotes":""},"class_list":["post-3897","page","type-page","status-publish","hentry"],"yoast_head":"<!-- This site is optimized with the Yoast SEO plugin v26.9 - https:\/\/yoast.com\/product\/yoast-seo-wordpress\/ -->\n<title>Dan\u0131\u015fmanl\u0131k Fiyatland\u0131rma - Kocaeli Grafik &amp; Web Tasar\u0131m Hizmetleri<\/title>\n<meta name=\"robots\" content=\"index, follow, max-snippet:-1, max-image-preview:large, max-video-preview:-1\" \/>\n<link rel=\"canonical\" href=\"https:\/\/p2ptanitim.com\/index.php\/danismanlik-fiyatlandirma\/\" \/>\n<meta property=\"og:locale\" content=\"tr_TR\" \/>\n<meta property=\"og:type\" content=\"article\" \/>\n<meta property=\"og:title\" content=\"Dan\u0131\u015fmanl\u0131k Fiyatland\u0131rma - Kocaeli Grafik &amp; Web Tasar\u0131m Hizmetleri\" \/>\n<meta property=\"og:url\" content=\"https:\/\/p2ptanitim.com\/index.php\/danismanlik-fiyatlandirma\/\" \/>\n<meta property=\"og:site_name\" content=\"Kocaeli Grafik &amp; Web Tasar\u0131m Hizmetleri\" \/>\n<meta name=\"twitter:card\" content=\"summary_large_image\" \/>\n<script type=\"application\/ld+json\" class=\"yoast-schema-graph\">{\"@context\":\"https:\/\/schema.org\",\"@graph\":[{\"@type\":\"WebPage\",\"@id\":\"https:\/\/p2ptanitim.com\/index.php\/danismanlik-fiyatlandirma\/\",\"url\":\"https:\/\/p2ptanitim.com\/index.php\/danismanlik-fiyatlandirma\/\",\"name\":\"Dan\u0131\u015fmanl\u0131k Fiyatland\u0131rma - Kocaeli Grafik &amp; Web Tasar\u0131m Hizmetleri\",\"isPartOf\":{\"@id\":\"https:\/\/p2ptanitim.com\/#website\"},\"datePublished\":\"2023-08-08T10:29:27+00:00\",\"breadcrumb\":{\"@id\":\"https:\/\/p2ptanitim.com\/index.php\/danismanlik-fiyatlandirma\/#breadcrumb\"},\"inLanguage\":\"tr\",\"potentialAction\":[{\"@type\":\"ReadAction\",\"target\":[\"https:\/\/p2ptanitim.com\/index.php\/danismanlik-fiyatlandirma\/\"]}]},{\"@type\":\"BreadcrumbList\",\"@id\":\"https:\/\/p2ptanitim.com\/index.php\/danismanlik-fiyatlandirma\/#breadcrumb\",\"itemListElement\":[{\"@type\":\"ListItem\",\"position\":1,\"name\":\"Anasayfa\",\"item\":\"https:\/\/p2ptanitim.com\/\"},{\"@type\":\"ListItem\",\"position\":2,\"name\":\"Dan\u0131\u015fmanl\u0131k Fiyatland\u0131rma\"}]},{\"@type\":\"WebSite\",\"@id\":\"https:\/\/p2ptanitim.com\/#website\",\"url\":\"https:\/\/p2ptanitim.com\/\",\"name\":\"Kocaeli Grafik & Web Tasar\u0131m Hizmetleri\",\"description\":\"Fark\u0131n\u0131z Fark Edilsin!\",\"publisher\":{\"@id\":\"https:\/\/p2ptanitim.com\/#organization\"},\"potentialAction\":[{\"@type\":\"SearchAction\",\"target\":{\"@type\":\"EntryPoint\",\"urlTemplate\":\"https:\/\/p2ptanitim.com\/?s={search_term_string}\"},\"query-input\":{\"@type\":\"PropertyValueSpecification\",\"valueRequired\":true,\"valueName\":\"search_term_string\"}}],\"inLanguage\":\"tr\"},{\"@type\":\"Organization\",\"@id\":\"https:\/\/p2ptanitim.com\/#organization\",\"name\":\"Kocaeli Grafik & Web Tasar\u0131m Hizmetleri\",\"url\":\"https:\/\/p2ptanitim.com\/\",\"logo\":{\"@type\":\"ImageObject\",\"inLanguage\":\"tr\",\"@id\":\"https:\/\/p2ptanitim.com\/#\/schema\/logo\/image\/\",\"url\":\"https:\/\/p2ptanitim.com\/wp-content\/uploads\/2023\/08\/P2P-Tanitim-Favicon.webp\",\"contentUrl\":\"https:\/\/p2ptanitim.com\/wp-content\/uploads\/2023\/08\/P2P-Tanitim-Favicon.webp\",\"width\":250,\"height\":250,\"caption\":\"Kocaeli Grafik & Web Tasar\u0131m Hizmetleri\"},\"image\":{\"@id\":\"https:\/\/p2ptanitim.com\/#\/schema\/logo\/image\/\"}}]}<\/script>\n<!-- \/ Yoast SEO plugin. -->","yoast_head_json":{"title":"Dan\u0131\u015fmanl\u0131k Fiyatland\u0131rma - Kocaeli Grafik &amp; Web Tasar\u0131m Hizmetleri","robots":{"index":"index","follow":"follow","max-snippet":"max-snippet:-1","max-image-preview":"max-image-preview:large","max-video-preview":"max-video-preview:-1"},"canonical":"https:\/\/p2ptanitim.com\/index.php\/danismanlik-fiyatlandirma\/","og_locale":"tr_TR","og_type":"article","og_title":"Dan\u0131\u015fmanl\u0131k Fiyatland\u0131rma - Kocaeli Grafik &amp; Web Tasar\u0131m Hizmetleri","og_url":"https:\/\/p2ptanitim.com\/index.php\/danismanlik-fiyatlandirma\/","og_site_name":"Kocaeli Grafik &amp; Web Tasar\u0131m Hizmetleri","twitter_card":"summary_large_image","schema":{"@context":"https:\/\/schema.org","@graph":[{"@type":"WebPage","@id":"https:\/\/p2ptanitim.com\/index.php\/danismanlik-fiyatlandirma\/","url":"https:\/\/p2ptanitim.com\/index.php\/danismanlik-fiyatlandirma\/","name":"Dan\u0131\u015fmanl\u0131k Fiyatland\u0131rma - Kocaeli Grafik &amp; Web Tasar\u0131m Hizmetleri","isPartOf":{"@id":"https:\/\/p2ptanitim.com\/#website"},"datePublished":"2023-08-08T10:29:27+00:00","breadcrumb":{"@id":"https:\/\/p2ptanitim.com\/index.php\/danismanlik-fiyatlandirma\/#breadcrumb"},"inLanguage":"tr","potentialAction":[{"@type":"ReadAction","target":["https:\/\/p2ptanitim.com\/index.php\/danismanlik-fiyatlandirma\/"]}]},{"@type":"BreadcrumbList","@id":"https:\/\/p2ptanitim.com\/index.php\/danismanlik-fiyatlandirma\/#breadcrumb","itemListElement":[{"@type":"ListItem","position":1,"name":"Anasayfa","item":"https:\/\/p2ptanitim.com\/"},{"@type":"ListItem","position":2,"name":"Dan\u0131\u015fmanl\u0131k Fiyatland\u0131rma"}]},{"@type":"WebSite","@id":"https:\/\/p2ptanitim.com\/#website","url":"https:\/\/p2ptanitim.com\/","name":"Kocaeli Grafik & Web Tasar\u0131m Hizmetleri","description":"Fark\u0131n\u0131z Fark Edilsin!","publisher":{"@id":"https:\/\/p2ptanitim.com\/#organization"},"potentialAction":[{"@type":"SearchAction","target":{"@type":"EntryPoint","urlTemplate":"https:\/\/p2ptanitim.com\/?s={search_term_string}"},"query-input":{"@type":"PropertyValueSpecification","valueRequired":true,"valueName":"search_term_string"}}],"inLanguage":"tr"},{"@type":"Organization","@id":"https:\/\/p2ptanitim.com\/#organization","name":"Kocaeli Grafik & Web Tasar\u0131m Hizmetleri","url":"https:\/\/p2ptanitim.com\/","logo":{"@type":"ImageObject","inLanguage":"tr","@id":"https:\/\/p2ptanitim.com\/#\/schema\/logo\/image\/","url":"https:\/\/p2ptanitim.com\/wp-content\/uploads\/2023\/08\/P2P-Tanitim-Favicon.webp","contentUrl":"https:\/\/p2ptanitim.com\/wp-content\/uploads\/2023\/08\/P2P-Tanitim-Favicon.webp","width":250,"height":250,"caption":"Kocaeli Grafik & Web Tasar\u0131m Hizmetleri"},"image":{"@id":"https:\/\/p2ptanitim.com\/#\/schema\/logo\/image\/"}}]}},"_links":{"self":[{"href":"https:\/\/p2ptanitim.com\/index.php\/wp-json\/wp\/v2\/pages\/3897","targetHints":{"allow":["GET"]}}],"collection":[{"href":"https:\/\/p2ptanitim.com\/index.php\/wp-json\/wp\/v2\/pages"}],"about":[{"href":"https:\/\/p2ptanitim.com\/index.php\/wp-json\/wp\/v2\/types\/page"}],"author":[{"embeddable":true,"href":"https:\/\/p2ptanitim.com\/index.php\/wp-json\/wp\/v2\/users\/1"}],"replies":[{"embeddable":true,"href":"https:\/\/p2ptanitim.com\/index.php\/wp-json\/wp\/v2\/comments?post=3897"}],"version-history":[{"count":1,"href":"https:\/\/p2ptanitim.com\/index.php\/wp-json\/wp\/v2\/pages\/3897\/revisions"}],"predecessor-version":[{"id":3898,"href":"https:\/\/p2ptanitim.com\/index.php\/wp-json\/wp\/v2\/pages\/3897\/revisions\/3898"}],"wp:attachment":[{"href":"https:\/\/p2ptanitim.com\/index.php\/wp-json\/wp\/v2\/media?parent=3897"}],"curies":[{"name":"wp","href":"https:\/\/api.w.org\/{rel}","templated":true}]}}