{"id":612,"date":"2021-02-17T00:57:21","date_gmt":"2021-02-16T21:57:21","guid":{"rendered":"https:\/\/megapack.pixfort.com\/company\/?page_id=612"},"modified":"2022-08-11T15:22:46","modified_gmt":"2022-08-11T12:22:46","slug":"iletisim","status":"publish","type":"page","link":"https:\/\/p2ptanitim.com\/index.php\/iletisim\/","title":{"rendered":"\u0130leti\u015fim"},"content":{"rendered":"<p>[vc_section full_width=&#8221;stretch_row&#8221; pix_over_visibility=&#8221;&#8221; bottom_divider_select=&#8221;8&#8243; b_has_animation=&#8221;true&#8221; b_2_color=&#8221;rgba(255,255,255,0.01)&#8221; b_3_is_gradient=&#8221;true&#8221; b_3_color=&#8221;rgba(0,0,0,0.08)&#8221; b_3_color_2=&#8221;rgba(255,255,255,0.01)&#8221; b_3_animation=&#8221;fade-in-up&#8221; top_divider_select=&#8221;8&#8243; t_has_animation=&#8221;true&#8221; t_1_color=&#8221;rgba(152,214,98,0.01)&#8221; t_2_color=&#8221;&#8221; t_3_color=&#8221;rgba(255,255,255,0.1)&#8221; t_3_animation=&#8221;fade-in-down&#8221; t_flip_h=&#8221;true&#8221; pix_overlay_color=&#8221;gray-1&#8243; responsive_css=&#8221;{&#8220;pix_res_sm_pt&#8220;:&#8220;20&#8220;,&#8220;pix_res_sm_pb&#8220;:&#8220;20&#8220;,&#8220;pix_res_md_pt&#8220;:&#8220;40&#8220;,&#8220;pix_res_md_pb&#8220;:&#8220;40&#8220;}&#8221; css=&#8221;.vc_custom_1613618080432{padding-top: 40px !important;padding-bottom: 40px !important;}&#8221; t_custom_height=&#8221;200px&#8221; b_custom_height=&#8221;300px&#8221; pix_overlay_opacity=&#8221;1&#8243; b_3_delay=&#8221;300&#8243; t_3_delay=&#8221;150&#8243;][vc_row full_width=&#8221;stretch_row&#8221; content_placement=&#8221;middle&#8221; pix_particles_check=&#8221;&#8221; responsive_css=&#8221;{&#8220;pix_res_sm_pt&#8220;:&#8220;40&#8220;,&#8220;pix_res_sm_pb&#8220;:&#8220;40&#8220;,&#8220;pix_res_md_pt&#8220;:&#8220;40&#8220;,&#8220;pix_res_md_pb&#8220;:&#8220;40&#8220;}&#8221; css=&#8221;.vc_custom_1613618221329{padding-bottom: 40px !important;}&#8221;][vc_column width=&#8221;2\/3&#8243; css=&#8221;.vc_custom_1613618065669{padding-top: 40px !important;padding-bottom: 40px !important;}&#8221;]<div id=\"el1613521949772-0c712dee-cf78\" class=\"pix-highlighted-element text-left  vc_custom_1613617797455\"><div class=\"d-inline-block\" style=\"max-width:500px;\"><h2 class=\"pix-highlighted-items \" style=\"\" data-anim-type=\"\" data-anim-delay=\"0\"><span class=\"\"><span class=\"pix-highlighted-text pix-highlight-item font-weight-normal  heading-font text-heading-default\">Contact us <\/span><\/span><span id=\"el1613521949772-0c712dee-cf78-1\" class=\"pix-highlight-bg align-middle2  el1613521949772-0c712dee-cf78-1 animate-in\" data-anim-type=\"highlight-grow\" data-anim-delay=\"200\"><span class=\"pix-highlighted-text  pix-highlight-item font-weight-normal  font-weight-bold heading-font text-heading-default\">today<\/span><\/span><\/h2><\/div><\/div><div class=\"pix-el-text w-100   vc_custom_1613617817002\" ><p class=\"text-20  text-dark-opacity-5  \" >Lorem ipsum dolor sit amet, consectetur adipiscing elite.<\/p><\/div><div class=\"text-heading-default text-center pix-social-icons font-weight-bold d-inline-block \" style=\"font-size:32px;\"><a  href=\"#\" aria-label=\"\" class=\"text-heading-default animate-in d-inline-block fly-sm  px-2\" data-anim-type=\"fade-in-up\" data-anim-delay=\"400\"><i class=\"pixicon-facebook3\" style=\"\"><\/i><\/a><a  href=\"#\" aria-label=\"\" class=\"text-heading-default animate-in d-inline-block fly-sm  px-2\" data-anim-type=\"fade-in-up\" data-anim-delay=\"500\"><i class=\"pixicon-twitter\" style=\"\"><\/i><\/a><a  href=\"#\" aria-label=\"\" class=\"text-heading-default animate-in d-inline-block fly-sm  px-2\" data-anim-type=\"fade-in-up\" data-anim-delay=\"600\"><i class=\"pixicon-instagram2\" style=\"\"><\/i><\/a><a  href=\"#\" aria-label=\"\" class=\"text-heading-default animate-in d-inline-block fly-sm  px-2\" data-anim-type=\"fade-in-up\" data-anim-delay=\"700\"><i class=\"pixicon-dribbble\" style=\"\"><\/i><\/a><\/div>[\/vc_column][vc_column width=&#8221;1\/3&#8243;]<div class=\"pix-content-box card      vc_custom_1613618509072    rounded-10 shadow-sm shadow-hover fly-sm bg- w-100  \"   ><div class=\"scene scene-over\"><\/div><div class=\"\" style=\"z-index:30;position:relative;\"><a href=\"#\" ><div id=\"1607291086140-5b051fdd-5ca5\" class=\"media  vc_custom_1613516319211\"><div class=\"mr-3 feature_img \"   style=\"position:relative;text-align:center;\"><i style=\"display:inline-block;font-size:40px;min-width:40px;line-height:40px;\" class=\"text-gradient-primary align-middle pixicon-map-pinned-2\"><\/i><\/div><div class=\"media-body text-left\"><h6 class=\"font-weight-bold  secondary-font text-heading-default  \" style=\"padding-top:8px;\"  >Get directions to our office<\/h6><div class=\"text-text-gray text-18     \" style=\"\"  ><\/div><\/div><\/div><\/a><\/div><\/div><div class=\"pix-content-box card      vc_custom_1613618517019    rounded-10 shadow-sm shadow-hover fly-sm bg- w-100  \"   ><div class=\"scene scene-over\"><\/div><div class=\"\" style=\"z-index:30;position:relative;\"><a href=\"#\" ><div id=\"1607291082115-cb587fc1-14bd\" class=\"media  vc_custom_1613516345253\"><div class=\"mr-3 feature_img \"   style=\"position:relative;text-align:center;\"><i style=\"display:inline-block;font-size:40px;min-width:40px;line-height:40px;\" class=\"text-gradient-primary align-middle pixicon-user-male-phone\"><\/i><\/div><div class=\"media-body text-left\"><h6 class=\"font-weight-bold  secondary-font text-heading-default  \" style=\"padding-top:8px;\"  >Contact our support team<\/h6><div class=\"text-text-gray text-18     \" style=\"\"  ><\/div><\/div><\/div><\/a><\/div><\/div><div class=\"pix-content-box card      vc_custom_1613617699964    rounded-10 shadow-sm shadow-hover fly-sm bg- w-100  \"   ><div class=\"scene scene-over\"><\/div><div class=\"\" style=\"z-index:30;position:relative;\"><a href=\"#\" ><div id=\"1613618199109-237accdc-a18c\" class=\"media  vc_custom_1613618550021\"><div class=\"mr-3 feature_img \"   style=\"position:relative;text-align:center;\"><i style=\"display:inline-block;font-size:40px;min-width:40px;line-height:40px;\" class=\"text-gradient-primary align-middle pixicon-email-1\"><\/i><\/div><div class=\"media-body text-left\"><h6 class=\"font-weight-bold  secondary-font text-heading-default  \" style=\"padding-top:8px;\"  >Send us an email<\/h6><div class=\"text-text-gray text-18     \" style=\"\"  ><\/div><\/div><\/div><\/a><\/div><\/div>[\/vc_column][\/vc_row][\/vc_section][vc_section full_width=&#8221;stretch_row&#8221; content_placement=&#8221;middle&#8221; pix_over_visibility=&#8221;&#8221; top_divider_select=&#8221;8&#8243; top_layers=&#8221;1&#8243; responsive_css=&#8221;{&#8220;pix_res_sm_pt&#8220;:&#8220;20&#8220;,&#8220;pix_res_sm_pb&#8220;:&#8220;20&#8220;,&#8220;pix_res_md_pt&#8220;:&#8220;40&#8220;,&#8220;pix_res_md_pb&#8220;:&#8220;40&#8220;}&#8221; css=&#8221;.vc_custom_1613618311864{padding-top: 0px !important;padding-bottom: 80px !important;background-color: #ffffff !important;border-radius: 20px !important;}&#8221; el_id=&#8221;pix_section_about&#8221; section_name=&#8221;About&#8221;][vc_row content_placement=&#8221;middle&#8221; pix_particles_check=&#8221;&#8221;][vc_column width=&#8221;1\/2&#8243;]<div  class=\"pix-heading-el text-left  vc_custom_1613618646389\"><div><div class=\"slide-in-container\"><h3 class=\"text-heading-default font-weight-bold heading-text el-title_custom_color mb-12\" style=\"\" data-anim-type=\"\" data-anim-delay=\"0\">Book an appointment<\/h3><\/div><\/div><\/div><div class=\"pix-el-text w-100   vc_custom_1613516449778\" ><div class=\"d-inline-block\" style=\"max-width:600px;\"><p class=\"text-20  text-body-default  \" >Lorem Ipsum is simply dummy text of the printing and typesetting industry. Lorem Ipsum industry&#8217;s standard.<\/p><\/div><\/div>\n<div class=\"wpcf7 no-js\" id=\"wpcf7-f1566-o1\" lang=\"en-US\" dir=\"ltr\" data-wpcf7-id=\"1566\">\n<div class=\"screen-reader-response\"><p role=\"status\" aria-live=\"polite\" aria-atomic=\"true\"><\/p> <ul><\/ul><\/div>\n<form action=\"\/index.php\/wp-json\/wp\/v2\/pages\/612#wpcf7-f1566-o1\" method=\"post\" class=\"wpcf7-form init\" aria-label=\"Contact form\" novalidate=\"novalidate\" data-status=\"init\">\n<fieldset class=\"hidden-fields-container\"><input type=\"hidden\" name=\"_wpcf7\" value=\"1566\" \/><input type=\"hidden\" name=\"_wpcf7_version\" value=\"6.1.4\" \/><input type=\"hidden\" name=\"_wpcf7_locale\" value=\"en_US\" \/><input type=\"hidden\" name=\"_wpcf7_unit_tag\" value=\"wpcf7-f1566-o1\" \/><input type=\"hidden\" name=\"_wpcf7_container_post\" value=\"0\" \/><input type=\"hidden\" name=\"_wpcf7_posted_data_hash\" value=\"\" \/>\n<\/fieldset>\n<div class=\"pix-contact7-form\"><div class=\"row\">\n\t<div class=\"col-lg-6\">\n\t\t<p><label class=\"w-100\">Full name<br \/>\n<span class=\"wpcf7-form-control-wrap\" data-name=\"your-name\"><input size=\"40\" maxlength=\"400\" class=\"wpcf7-form-control wpcf7-text wpcf7-validates-as-required pix-my-5 shadow-0 bg-gray-1 form-control\" aria-required=\"true\" aria-invalid=\"false\" placeholder=\"John Doe\" value=\"\" type=\"text\" name=\"your-name\" \/><\/span><\/label>\n\t\t<\/p>\n\t<\/div>\n\t<div class=\"col-lg-6\">\n\t\t<p><label class=\"w-100\">Email address*<br \/>\n<span class=\"wpcf7-form-control-wrap\" data-name=\"your-email\"><input size=\"40\" maxlength=\"400\" class=\"wpcf7-form-control wpcf7-email wpcf7-validates-as-required wpcf7-text wpcf7-validates-as-email pix-my-5 shadow-0 bg-gray-1 form-control\" aria-required=\"true\" aria-invalid=\"false\" placeholder=\"email@pixfort.com\" value=\"\" type=\"email\" name=\"your-email\" \/><\/span><\/label>\n\t\t<\/p>\n\t<\/div>\n\t<div class=\"col-12\">\n\t\t<p><label class=\"w-100\">Subject*<br \/>\n<span class=\"wpcf7-form-control-wrap\" data-name=\"your-subject\"><input size=\"40\" maxlength=\"400\" class=\"wpcf7-form-control wpcf7-text wpcf7-validates-as-required pix-my-5 shadow-0 bg-gray-1 form-control\" aria-required=\"true\" aria-invalid=\"false\" placeholder=\"Work proposition\" value=\"\" type=\"text\" name=\"your-subject\" \/><\/span><\/label>\n\t\t<\/p>\n\t<\/div>\n\t<div class=\"col-12\">\n\t\t<p><label class=\"w-100\">Write your message below<span class=\"wpcf7-form-control-wrap\" data-name=\"your-message\"><textarea cols=\"40\" rows=\"4\" maxlength=\"2000\" class=\"wpcf7-form-control wpcf7-textarea wpcf7-validates-as-required pix-my-5 shadow-0 bg-gray-1 form-control\" aria-required=\"true\" aria-invalid=\"false\" placeholder=\"Your Message\" name=\"your-message\"><\/textarea><\/span><\/label>\n\t\t<\/p>\n\t<\/div>\n<\/div>\n<p><input class=\"wpcf7-form-control wpcf7-submit has-spinner btn btn-green text-white w-100 pix-mt-10 font-weight-bold btn-lg shadow-hover\" type=\"submit\" value=\"Submit form\" \/>\n<\/p><\/div><div class=\"wpcf7-response-output\" aria-hidden=\"true\"><\/div>\n<\/form>\n<\/div>\n[\/vc_column][vc_column width=&#8221;1\/2&#8243; responsive_css=&#8221;{&#8220;pix_res_sm_pt&#8220;:&#8220;30&#8220;,&#8220;pix_res_md_pt&#8220;:&#8220;30&#8220;}&#8221;]<div class=\"pix-content-box card      vc_custom_1613618133533    rounded-10 shadow-sm shadow-hover fly-sm bg- w-100 overflow-hidden \"   ><div class=\"scene scene-over\"><\/div><div class=\"\" style=\"z-index:30;position:relative;\">[vc_gmaps link=&#8221;#E-8_JTNDaWZyYW1lJTIwc3JjJTNEJTIyaHR0cHMlM0ElMkYlMkZ3d3cuZ29vZ2xlLmNvbSUyRm1hcHMlMkZlbWJlZCUzRnBiJTNEJTIxMW0xOCUyMTFtMTIlMjExbTMlMjExZDgzMjMuMjE4NjgxNjM1OTY4JTIxMmQyLjI5MDA5MTQwNjQ1MDA2MTUlMjEzZDQ4Ljg2NDMwNTYwNTIwNzg3JTIxMm0zJTIxMWYwJTIxMmYwJTIxM2YwJTIxM20yJTIxMWkxMDI0JTIxMmk3NjglMjE0ZjEzLjElMjEzbTMlMjExbTIlMjExczB4NDdlNjZmZmIyMmFmZDRhNyUyNTNBMHhkYTZiMDM5NTEwYTM1YjU2JTIxMnNDaGFpbGxvdCUyNTJDJTI1MjBQYXJpcyUyMTVlMCUyMTNtMiUyMTFzZW4lMjEyc2ZyJTIxNHYxNjEzNjE3OTYyNTI2JTIxNW0yJTIxMXNlbiUyMTJzZnIlMjIlMjB3aWR0aCUzRCUyMjgwMCUyMiUyMGhlaWdodCUzRCUyMjYwMCUyMiUyMGZyYW1lYm9yZGVyJTNEJTIyMCUyMiUyMHN0eWxlJTNEJTIyYm9yZGVyJTNBMCUzQiUyMiUyMGFsbG93ZnVsbHNjcmVlbiUzRCUyMiUyMiUyMGFyaWEtaGlkZGVuJTNEJTIyZmFsc2UlMjIlMjB0YWJpbmRleCUzRCUyMjAlMjIlM0UlM0MlMkZpZnJhbWUlM0U=&#8221; css=&#8221;.vc_custom_1614219480881{margin-bottom: 0px !important;}&#8221;]<\/div><\/div>[\/vc_column][\/vc_row][\/vc_section]<\/p>\n","protected":false},"excerpt":{"rendered":"[vc_section full_width=&#8221;stretch_row&#8221; pix_over_visibility=&#8221;&#8221; bottom_divider_select=&#8221;8&#8243; b_has_animation=&#8221;true&#8221; b_2_color=&#8221;rgba(255,255,255,0.01)&#8221; b_3_is_gradient=&#8221;true&#8221; b_3_color=&#8221;rgba(0,0,0,0.08)&#8221; b_3_color_2=&#8221;rgba(255,255,255,0.01)&#8221; b_3_animation=&#8221;fade-in-up&#8221; top_divider_select=&#8221;8&#8243; t_has_animation=&#8221;true&#8221; t_1_color=&#8221;rgba(152,214,98,0.01)&#8221; t_2_color=&#8221;&#8221; t_3_color=&#8221;rgba(255,255,255,0.1)&#8221; t_3_animation=&#8221;fade-in-down&#8221; t_flip_h=&#8221;true&#8221; pix_overlay_color=&#8221;gray-1&#8243; responsive_css=&#8221;{&#8220;pix_res_sm_pt&#8220;:&#8220;20&#8220;,&#8220;pix_res_sm_pb&#8220;:&#8220;20&#8220;,&#8220;pix_res_md_pt&#8220;:&#8220;40&#8220;,&#8220;pix_res_md_pb&#8220;:&#8220;40&#8220;}&#8221; css=&#8221;.vc_custom_1613618080432{padding-top: 40px !important;padding-bottom: 40px !important;}&#8221; t_custom_height=&#8221;200px&#8221; b_custom_height=&#8221;300px&#8221; pix_overlay_opacity=&#8221;1&#8243; b_3_delay=&#8221;300&#8243; t_3_delay=&#8221;150&#8243;][vc_row full_width=&#8221;stretch_row&#8221; content_placement=&#8221;middle&#8221; pix_particles_check=&#8221;&#8221; responsive_css=&#8221;{&#8220;pix_res_sm_pt&#8220;:&#8220;40&#8220;,&#8220;pix_res_sm_pb&#8220;:&#8220;40&#8220;,&#8220;pix_res_md_pt&#8220;:&#8220;40&#8220;,&#8220;pix_res_md_pb&#8220;:&#8220;40&#8220;}&#8221; css=&#8221;.vc_custom_1613618221329{padding-bottom: 40px !important;}&#8221;][vc_column width=&#8221;2\/3&#8243; css=&#8221;.vc_custom_1613618065669{padding-top: 40px !important;padding-bottom:&#8230;","protected":false},"author":1,"featured_media":0,"parent":0,"menu_order":0,"comment_status":"closed","ping_status":"closed","template":"","meta":{"footnotes":""},"class_list":["post-612","page","type-page","status-publish","hentry"],"yoast_head":"<!-- This site is optimized with the Yoast SEO plugin v26.9 - https:\/\/yoast.com\/product\/yoast-seo-wordpress\/ -->\n<title>\u0130leti\u015fim - Kocaeli Grafik &amp; Web Tasar\u0131m Hizmetleri<\/title>\n<meta name=\"robots\" content=\"index, follow, max-snippet:-1, max-image-preview:large, max-video-preview:-1\" \/>\n<link rel=\"canonical\" href=\"https:\/\/p2ptanitim.com\/index.php\/iletisim\/\" \/>\n<meta property=\"og:locale\" content=\"tr_TR\" \/>\n<meta property=\"og:type\" content=\"article\" \/>\n<meta property=\"og:title\" content=\"\u0130leti\u015fim - Kocaeli Grafik &amp; Web Tasar\u0131m Hizmetleri\" \/>\n<meta property=\"og:description\" content=\"[vc_section full_width=&#8221;stretch_row&#8221; pix_over_visibility=&#8221;&#8221; bottom_divider_select=&#8221;8&#8243; b_has_animation=&#8221;true&#8221; b_2_color=&#8221;rgba(255,255,255,0.01)&#8221; b_3_is_gradient=&#8221;true&#8221; b_3_color=&#8221;rgba(0,0,0,0.08)&#8221; b_3_color_2=&#8221;rgba(255,255,255,0.01)&#8221; b_3_animation=&#8221;fade-in-up&#8221; top_divider_select=&#8221;8&#8243; t_has_animation=&#8221;true&#8221; t_1_color=&#8221;rgba(152,214,98,0.01)&#8221; t_2_color=&#8221;&#8221; t_3_color=&#8221;rgba(255,255,255,0.1)&#8221; t_3_animation=&#8221;fade-in-down&#8221; t_flip_h=&#8221;true&#8221; pix_overlay_color=&#8221;gray-1&#8243; responsive_css=&#8221;{&#8220;pix_res_sm_pt&#8220;:&#8220;20&#8220;,&#8220;pix_res_sm_pb&#8220;:&#8220;20&#8220;,&#8220;pix_res_md_pt&#8220;:&#8220;40&#8220;,&#8220;pix_res_md_pb&#8220;:&#8220;40&#8220;}&#8221; css=&#8221;.vc_custom_1613618080432{padding-top: 40px !important;padding-bottom: 40px !important;}&#8221; t_custom_height=&#8221;200px&#8221; b_custom_height=&#8221;300px&#8221; pix_overlay_opacity=&#8221;1&#8243; b_3_delay=&#8221;300&#8243; t_3_delay=&#8221;150&#8243;][vc_row full_width=&#8221;stretch_row&#8221; content_placement=&#8221;middle&#8221; pix_particles_check=&#8221;&#8221; responsive_css=&#8221;{&#8220;pix_res_sm_pt&#8220;:&#8220;40&#8220;,&#8220;pix_res_sm_pb&#8220;:&#8220;40&#8220;,&#8220;pix_res_md_pt&#8220;:&#8220;40&#8220;,&#8220;pix_res_md_pb&#8220;:&#8220;40&#8220;}&#8221; css=&#8221;.vc_custom_1613618221329{padding-bottom: 40px !important;}&#8221;][vc_column width=&#8221;2\/3&#8243; css=&#8221;.vc_custom_1613618065669{padding-top: 40px !important;padding-bottom:...\" \/>\n<meta property=\"og:url\" content=\"https:\/\/p2ptanitim.com\/index.php\/iletisim\/\" \/>\n<meta property=\"og:site_name\" content=\"Kocaeli Grafik &amp; Web Tasar\u0131m Hizmetleri\" \/>\n<meta property=\"article:modified_time\" content=\"2022-08-11T12:22:46+00:00\" \/>\n<meta name=\"twitter:card\" content=\"summary_large_image\" \/>\n<meta name=\"twitter:label1\" content=\"Tahmini okuma s\u00fcresi\" \/>\n\t<meta name=\"twitter:data1\" content=\"6 dakika\" \/>\n<script type=\"application\/ld+json\" class=\"yoast-schema-graph\">{\"@context\":\"https:\/\/schema.org\",\"@graph\":[{\"@type\":\"WebPage\",\"@id\":\"https:\/\/p2ptanitim.com\/index.php\/iletisim\/\",\"url\":\"https:\/\/p2ptanitim.com\/index.php\/iletisim\/\",\"name\":\"\u0130leti\u015fim - Kocaeli Grafik &amp; Web Tasar\u0131m Hizmetleri\",\"isPartOf\":{\"@id\":\"https:\/\/p2ptanitim.com\/#website\"},\"datePublished\":\"2021-02-16T21:57:21+00:00\",\"dateModified\":\"2022-08-11T12:22:46+00:00\",\"breadcrumb\":{\"@id\":\"https:\/\/p2ptanitim.com\/index.php\/iletisim\/#breadcrumb\"},\"inLanguage\":\"tr\",\"potentialAction\":[{\"@type\":\"ReadAction\",\"target\":[\"https:\/\/p2ptanitim.com\/index.php\/iletisim\/\"]}]},{\"@type\":\"BreadcrumbList\",\"@id\":\"https:\/\/p2ptanitim.com\/index.php\/iletisim\/#breadcrumb\",\"itemListElement\":[{\"@type\":\"ListItem\",\"position\":1,\"name\":\"Anasayfa\",\"item\":\"https:\/\/p2ptanitim.com\/\"},{\"@type\":\"ListItem\",\"position\":2,\"name\":\"\u0130leti\u015fim\"}]},{\"@type\":\"WebSite\",\"@id\":\"https:\/\/p2ptanitim.com\/#website\",\"url\":\"https:\/\/p2ptanitim.com\/\",\"name\":\"Kocaeli Grafik & Web Tasar\u0131m Hizmetleri\",\"description\":\"Fark\u0131n\u0131z Fark Edilsin!\",\"publisher\":{\"@id\":\"https:\/\/p2ptanitim.com\/#organization\"},\"potentialAction\":[{\"@type\":\"SearchAction\",\"target\":{\"@type\":\"EntryPoint\",\"urlTemplate\":\"https:\/\/p2ptanitim.com\/?s={search_term_string}\"},\"query-input\":{\"@type\":\"PropertyValueSpecification\",\"valueRequired\":true,\"valueName\":\"search_term_string\"}}],\"inLanguage\":\"tr\"},{\"@type\":\"Organization\",\"@id\":\"https:\/\/p2ptanitim.com\/#organization\",\"name\":\"Kocaeli Grafik & Web Tasar\u0131m Hizmetleri\",\"url\":\"https:\/\/p2ptanitim.com\/\",\"logo\":{\"@type\":\"ImageObject\",\"inLanguage\":\"tr\",\"@id\":\"https:\/\/p2ptanitim.com\/#\/schema\/logo\/image\/\",\"url\":\"https:\/\/p2ptanitim.com\/wp-content\/uploads\/2023\/08\/P2P-Tanitim-Favicon.webp\",\"contentUrl\":\"https:\/\/p2ptanitim.com\/wp-content\/uploads\/2023\/08\/P2P-Tanitim-Favicon.webp\",\"width\":250,\"height\":250,\"caption\":\"Kocaeli Grafik & Web Tasar\u0131m Hizmetleri\"},\"image\":{\"@id\":\"https:\/\/p2ptanitim.com\/#\/schema\/logo\/image\/\"}}]}<\/script>\n<!-- \/ Yoast SEO plugin. -->","yoast_head_json":{"title":"\u0130leti\u015fim - Kocaeli Grafik &amp; Web Tasar\u0131m Hizmetleri","robots":{"index":"index","follow":"follow","max-snippet":"max-snippet:-1","max-image-preview":"max-image-preview:large","max-video-preview":"max-video-preview:-1"},"canonical":"https:\/\/p2ptanitim.com\/index.php\/iletisim\/","og_locale":"tr_TR","og_type":"article","og_title":"\u0130leti\u015fim - Kocaeli Grafik &amp; Web Tasar\u0131m Hizmetleri","og_description":"[vc_section full_width=&#8221;stretch_row&#8221; pix_over_visibility=&#8221;&#8221; bottom_divider_select=&#8221;8&#8243; b_has_animation=&#8221;true&#8221; b_2_color=&#8221;rgba(255,255,255,0.01)&#8221; b_3_is_gradient=&#8221;true&#8221; b_3_color=&#8221;rgba(0,0,0,0.08)&#8221; b_3_color_2=&#8221;rgba(255,255,255,0.01)&#8221; b_3_animation=&#8221;fade-in-up&#8221; top_divider_select=&#8221;8&#8243; t_has_animation=&#8221;true&#8221; t_1_color=&#8221;rgba(152,214,98,0.01)&#8221; t_2_color=&#8221;&#8221; t_3_color=&#8221;rgba(255,255,255,0.1)&#8221; t_3_animation=&#8221;fade-in-down&#8221; t_flip_h=&#8221;true&#8221; pix_overlay_color=&#8221;gray-1&#8243; responsive_css=&#8221;{&#8220;pix_res_sm_pt&#8220;:&#8220;20&#8220;,&#8220;pix_res_sm_pb&#8220;:&#8220;20&#8220;,&#8220;pix_res_md_pt&#8220;:&#8220;40&#8220;,&#8220;pix_res_md_pb&#8220;:&#8220;40&#8220;}&#8221; css=&#8221;.vc_custom_1613618080432{padding-top: 40px !important;padding-bottom: 40px !important;}&#8221; t_custom_height=&#8221;200px&#8221; b_custom_height=&#8221;300px&#8221; pix_overlay_opacity=&#8221;1&#8243; b_3_delay=&#8221;300&#8243; t_3_delay=&#8221;150&#8243;][vc_row full_width=&#8221;stretch_row&#8221; content_placement=&#8221;middle&#8221; pix_particles_check=&#8221;&#8221; responsive_css=&#8221;{&#8220;pix_res_sm_pt&#8220;:&#8220;40&#8220;,&#8220;pix_res_sm_pb&#8220;:&#8220;40&#8220;,&#8220;pix_res_md_pt&#8220;:&#8220;40&#8220;,&#8220;pix_res_md_pb&#8220;:&#8220;40&#8220;}&#8221; css=&#8221;.vc_custom_1613618221329{padding-bottom: 40px !important;}&#8221;][vc_column width=&#8221;2\/3&#8243; css=&#8221;.vc_custom_1613618065669{padding-top: 40px !important;padding-bottom:...","og_url":"https:\/\/p2ptanitim.com\/index.php\/iletisim\/","og_site_name":"Kocaeli Grafik &amp; Web Tasar\u0131m Hizmetleri","article_modified_time":"2022-08-11T12:22:46+00:00","twitter_card":"summary_large_image","twitter_misc":{"Tahmini okuma s\u00fcresi":"6 dakika"},"schema":{"@context":"https:\/\/schema.org","@graph":[{"@type":"WebPage","@id":"https:\/\/p2ptanitim.com\/index.php\/iletisim\/","url":"https:\/\/p2ptanitim.com\/index.php\/iletisim\/","name":"\u0130leti\u015fim - Kocaeli Grafik &amp; Web Tasar\u0131m Hizmetleri","isPartOf":{"@id":"https:\/\/p2ptanitim.com\/#website"},"datePublished":"2021-02-16T21:57:21+00:00","dateModified":"2022-08-11T12:22:46+00:00","breadcrumb":{"@id":"https:\/\/p2ptanitim.com\/index.php\/iletisim\/#breadcrumb"},"inLanguage":"tr","potentialAction":[{"@type":"ReadAction","target":["https:\/\/p2ptanitim.com\/index.php\/iletisim\/"]}]},{"@type":"BreadcrumbList","@id":"https:\/\/p2ptanitim.com\/index.php\/iletisim\/#breadcrumb","itemListElement":[{"@type":"ListItem","position":1,"name":"Anasayfa","item":"https:\/\/p2ptanitim.com\/"},{"@type":"ListItem","position":2,"name":"\u0130leti\u015fim"}]},{"@type":"WebSite","@id":"https:\/\/p2ptanitim.com\/#website","url":"https:\/\/p2ptanitim.com\/","name":"Kocaeli Grafik & Web Tasar\u0131m Hizmetleri","description":"Fark\u0131n\u0131z Fark Edilsin!","publisher":{"@id":"https:\/\/p2ptanitim.com\/#organization"},"potentialAction":[{"@type":"SearchAction","target":{"@type":"EntryPoint","urlTemplate":"https:\/\/p2ptanitim.com\/?s={search_term_string}"},"query-input":{"@type":"PropertyValueSpecification","valueRequired":true,"valueName":"search_term_string"}}],"inLanguage":"tr"},{"@type":"Organization","@id":"https:\/\/p2ptanitim.com\/#organization","name":"Kocaeli Grafik & Web Tasar\u0131m Hizmetleri","url":"https:\/\/p2ptanitim.com\/","logo":{"@type":"ImageObject","inLanguage":"tr","@id":"https:\/\/p2ptanitim.com\/#\/schema\/logo\/image\/","url":"https:\/\/p2ptanitim.com\/wp-content\/uploads\/2023\/08\/P2P-Tanitim-Favicon.webp","contentUrl":"https:\/\/p2ptanitim.com\/wp-content\/uploads\/2023\/08\/P2P-Tanitim-Favicon.webp","width":250,"height":250,"caption":"Kocaeli Grafik & Web Tasar\u0131m Hizmetleri"},"image":{"@id":"https:\/\/p2ptanitim.com\/#\/schema\/logo\/image\/"}}]}},"_links":{"self":[{"href":"https:\/\/p2ptanitim.com\/index.php\/wp-json\/wp\/v2\/pages\/612","targetHints":{"allow":["GET"]}}],"collection":[{"href":"https:\/\/p2ptanitim.com\/index.php\/wp-json\/wp\/v2\/pages"}],"about":[{"href":"https:\/\/p2ptanitim.com\/index.php\/wp-json\/wp\/v2\/types\/page"}],"author":[{"embeddable":true,"href":"https:\/\/p2ptanitim.com\/index.php\/wp-json\/wp\/v2\/users\/1"}],"replies":[{"embeddable":true,"href":"https:\/\/p2ptanitim.com\/index.php\/wp-json\/wp\/v2\/comments?post=612"}],"version-history":[{"count":1,"href":"https:\/\/p2ptanitim.com\/index.php\/wp-json\/wp\/v2\/pages\/612\/revisions"}],"predecessor-version":[{"id":3548,"href":"https:\/\/p2ptanitim.com\/index.php\/wp-json\/wp\/v2\/pages\/612\/revisions\/3548"}],"wp:attachment":[{"href":"https:\/\/p2ptanitim.com\/index.php\/wp-json\/wp\/v2\/media?parent=612"}],"curies":[{"name":"wp","href":"https:\/\/api.w.org\/{rel}","templated":true}]}}