{"id":616,"date":"2021-02-17T01:00:25","date_gmt":"2021-02-16T22:00:25","guid":{"rendered":"https:\/\/megapack.pixfort.com\/company\/?page_id=616"},"modified":"2022-08-11T15:26:53","modified_gmt":"2022-08-11T12:26:53","slug":"projeler","status":"publish","type":"page","link":"https:\/\/p2ptanitim.com\/index.php\/projeler\/","title":{"rendered":"Projeler"},"content":{"rendered":"<p>[vc_section full_width=&#8221;stretch_row&#8221; pix_over_visibility=&#8221;&#8221; bottom_divider_select=&#8221;8&#8243; b_has_animation=&#8221;true&#8221; b_2_color=&#8221;rgba(255,255,255,0.01)&#8221; b_3_is_gradient=&#8221;true&#8221; b_3_color=&#8221;rgba(0,0,0,0.08)&#8221; b_3_color_2=&#8221;rgba(255,255,255,0.01)&#8221; b_3_animation=&#8221;fade-in-up&#8221; t_flip_h=&#8221;true&#8221; pix_overlay_color=&#8221;gray-1&#8243; responsive_css=&#8221;{&#8220;pix_res_sm_pt&#8220;:&#8220;20&#8220;,&#8220;pix_res_sm_pb&#8220;:&#8220;20&#8220;,&#8220;pix_res_md_pt&#8220;:&#8220;40&#8220;,&#8220;pix_res_md_pb&#8220;:&#8220;40&#8220;}&#8221; t_custom_height=&#8221;200px&#8221; b_custom_height=&#8221;300px&#8221; pix_overlay_opacity=&#8221;1&#8243; b_3_delay=&#8221;300&#8243; css=&#8221;.vc_custom_1614191317662{padding-top: 20px !important;}&#8221;][vc_row full_width=&#8221;stretch_row&#8221; content_placement=&#8221;middle&#8221; pix_particles_check=&#8221;&#8221; responsive_css=&#8221;{&#8220;pix_res_sm_pt&#8220;:&#8220;40&#8220;,&#8220;pix_res_sm_pb&#8220;:&#8220;40&#8220;,&#8220;pix_res_md_pt&#8220;:&#8220;40&#8220;,&#8220;pix_res_md_pb&#8220;:&#8220;40&#8220;}&#8221;][vc_column width=&#8221;1\/2&#8243; css=&#8221;.vc_custom_1604715604745{padding-top: 20px !important;padding-bottom: 20px !important;}&#8221;]<div id=\"el1613521949772-0c712dee-cf78\" class=\"pix-highlighted-element text-left  vc_custom_1614191459322\"><h2 class=\"pix-highlighted-items \" style=\"\" data-anim-type=\"\" data-anim-delay=\"0\"><span class=\"\"><span class=\"pix-highlighted-text pix-highlight-item font-weight-normal  heading-font text-heading-default\">Check our <\/span><\/span><span id=\"el1613521949772-0c712dee-cf78-1\" class=\"pix-highlight-bg align-middle2  el1613521949772-0c712dee-cf78-1 animate-in\" data-anim-type=\"highlight-grow\" data-anim-delay=\"200\"><span class=\"pix-highlighted-text  pix-highlight-item font-weight-normal  font-weight-bold heading-font text-heading-default\">most prestigious<\/span><\/span><span class=\"\"><span class=\"pix-highlighted-text pix-highlight-item font-weight-normal  heading-font text-heading-default\"> projects.<\/span><\/span><\/h2><\/div><div class=\"pix-el-text w-100   vc_custom_1609298675365\" ><p class=\"text-20  text-dark-opacity-5  \" >Lorem ipsum dolor sit amet, consectetur adipiscing elit, sed do eiusmod tempor incididunt ut labore et dolore aliqua.<\/p><\/div><a  href=\"#\" class=\"btn mb-2     shadow-sm text-heading-default btn-white d-inline-block pix-hover-item       btn-lg\"     ><i class=\"font-weight-bold pixicon-messages-2  pix-hover-left  mr-1\"><\/i> <span class=\"font-weight-bold \" >Contact us for pricing<\/span><\/a><div class=\"pix-el-text w-100   vc_custom_1613521290955\" ><p class=\" m-0 text-dark-opacity-5  font-weight-bold\" >*All website prices include full taxes.<\/p><\/div>[\/vc_column][vc_column width=&#8221;1\/2&#8243; content_align=&#8221;text-center&#8221;]<div class=\"d-inline-block \" ><div class=\"animate-in  d-inline-block\" data-anim-type=\"fade-in-right\" data-anim-delay=\"300\"><div class=\"pix-img-el  vc_custom_1614191344855   fly text-center d-inline-block  w-100 rounded-10\"  ><img loading=\"lazy\" decoding=\"async\" class=\"card-img2 pix-img-elem rounded-10  h-1002\" style=\"height:auto;\" width=\"673\" height=\"738\" srcset=\"https:\/\/p2ptanitim.com\/wp-content\/uploads\/2021\/02\/works-intro.png 673w, https:\/\/p2ptanitim.com\/wp-content\/uploads\/2021\/02\/works-intro-274x300.png 274w\" sizes=\"auto, (max-width: 673px) 100vw, 673px\" src=\"https:\/\/p2ptanitim.com\/wp-content\/uploads\/2021\/02\/works-intro.png\" alt=\"\" \/><\/div><\/div><\/div>[\/vc_column][\/vc_row][\/vc_section][vc_section full_width=&#8221;stretch_row&#8221; pix_over_visibility=&#8221;&#8221; responsive_css=&#8221;{&#8220;pix_res_sm_pb&#8220;:&#8220;20&#8220;,&#8220;pix_res_md_pb&#8220;:&#8220;20&#8220;}&#8221; css=&#8221;.vc_custom_1614191797476{padding-top: 60px !important;padding-bottom: 60px !important;background-color: #ffffff !important;border-radius: 10px !important;}&#8221;][vc_row pix_particles_check=&#8221;&#8221; responsive_css=&#8221;{&#8220;pix_res_sm_pb&#8220;:&#8220;40&#8220;,&#8220;pix_res_md_pb&#8220;:&#8220;40&#8220;}&#8221; css=&#8221;.vc_custom_1613524951106{padding-bottom: 80px !important;}&#8221;][vc_column]<div class=\"pix-element-div w-100 text-center\"><h6 class=\"pix-badge-element d-inline-block mr-1 animate-in\" data-anim-type=\"fade-in-up\" data-anim-delay=\"0\"><span class=\"badge font-weight-bold secondary-font bg-gray-2  vc_custom_1618012393182  \" style=\" \"><span class=\"text-heading-default\" style=\"\">Must have theme<\/span><\/span><\/h6><\/div><div id=\"el1603925735052-9e8ebf61-2524\" class=\"pix-highlighted-element text-center  vc_custom_1614198621528\"><div class=\"d-inline-block\" style=\"max-width:600px;\"><h2 class=\"pix-highlighted-items \" style=\"\" data-anim-type=\"\" data-anim-delay=\"0\"><span class=\"\"><span class=\"pix-highlighted-text pix-highlight-item font-weight-normal  heading-font text-heading-default\">Check below the <\/span><\/span><span id=\"el1603925735052-9e8ebf61-2524-1\" class=\"pix-highlight-bg align-middle2  el1603925735052-9e8ebf61-2524-1 animate-in\" data-anim-type=\"highlight-grow\" data-anim-delay=\"200\"><span class=\"pix-highlighted-text  pix-highlight-item font-weight-normal  font-weight-bold heading-font text-heading-default\">most popular<\/span><\/span><span class=\"\"><span class=\"pix-highlighted-text pix-highlight-item font-weight-normal  heading-font text-heading-default\"> projects<\/span><\/span><\/h2><\/div><\/div>[\/vc_column][\/vc_row][vc_row pix_particles_check=&#8221;&#8221;][vc_column]<div class=\"pix-lightbox\"><div class=\"pix_masonry  pix-3-columns\" style=\"width:100%\"><div class=\"grid-sizer\"><\/div><div class=\"gutter-sizer\"><\/div><div class=\" grid-item grid-item--width2 pix-mb-20 \"><a class=\"card pix-lightbox pix-lightbox-item pix-hover-item  rounded-lg\" data-fancybox=\"gallery\" data-caption=\"This is a simple description for your image.\n\" href=\"https:\/\/p2ptanitim.com\/wp-content\/uploads\/2021\/02\/gallery-1.jpg\"><img decoding=\"async\" class=\"card-img  rounded-lg pix-gallery-item pix-gallery-lg\" src=\"https:\/\/p2ptanitim.com\/wp-content\/uploads\/2021\/02\/gallery-1.jpg\" alt=\"This is a simple description for your image.\n\" \/><div class=\"card-img-overlay d-flex align-items-end pix-p-10\"><div class=\"card-content-box pix-p-20 rounded-lg w-100 shadow  bg-white d-flex justify-content-between align-items-center\"><div class=\"card-title font-weight-bold h6  text-heading-default m-0 w-100\" style=\"\">Say Hello to pixfort Gallery<\/div><div class=\"m-0 font-weight-bold h6  text-heading-default\"><svg xmlns=\"http:\/\/www.w3.org\/2000\/svg\" height=\"24\" viewBox=\"0 0 24 24\" width=\"24\"><path d=\"M7 14H5v5h5v-2H7v-3zm-2-4h2V7h3V5H5v5zm12 7h-3v2h5v-5h-2v3zM14 5v2h3v3h2V5h-5z\"\/><\/svg>\n<\/div><\/div><\/div><\/a><\/div><div class=\" grid-item pix-mb-20 \"><a class=\"card pix-lightbox pix-lightbox-item pix-hover-item  rounded-lg\" data-fancybox=\"gallery\" data-caption=\"This is a simple description for your image.\n\" href=\"https:\/\/p2ptanitim.com\/wp-content\/uploads\/2021\/02\/gallery-7.jpg\"><img decoding=\"async\" class=\"card-img  rounded-lg pix-gallery-item pix-gallery-sm\" src=\"https:\/\/p2ptanitim.com\/wp-content\/uploads\/2021\/02\/gallery-7.jpg\" alt=\"This is a simple description for your image.\n\" \/><div class=\"card-img-overlay d-flex align-items-end pix-p-10\"><div class=\"card-content-box pix-p-20 rounded-lg w-100 shadow pix-fade-in bg-white d-flex justify-content-between align-items-center\"><div class=\"card-title font-weight-bold h6  text-heading-default m-0 w-100\" style=\"\">Click to open lightbox<\/div><div class=\"m-0 font-weight-bold h6  text-heading-default\"><svg xmlns=\"http:\/\/www.w3.org\/2000\/svg\" height=\"24\" viewBox=\"0 0 24 24\" width=\"24\"><path d=\"M7 14H5v5h5v-2H7v-3zm-2-4h2V7h3V5H5v5zm12 7h-3v2h5v-5h-2v3zM14 5v2h3v3h2V5h-5z\"\/><\/svg>\n<\/div><\/div><\/div><\/a><\/div><div class=\" grid-item pix-mb-20 \"><a class=\"card pix-lightbox pix-lightbox-item pix-hover-item  rounded-lg\" data-fancybox=\"gallery\" data-caption=\"This is a simple description for your image.\n\" href=\"https:\/\/p2ptanitim.com\/wp-content\/uploads\/2021\/02\/gallery-5.jpg\"><img decoding=\"async\" class=\"card-img  rounded-lg pix-gallery-item pix-gallery-sm\" src=\"https:\/\/p2ptanitim.com\/wp-content\/uploads\/2021\/02\/gallery-5.jpg\" alt=\"This is a simple description for your image.\n\" \/><div class=\"card-img-overlay d-flex align-items-end pix-p-10\"><div class=\"card-content-box pix-p-20 rounded-lg w-100 shadow pix-fade-in bg-white d-flex justify-content-between align-items-center\"><div class=\"card-title font-weight-bold h6  text-heading-default m-0 w-100\" style=\"\">Click to open lightbox<\/div><div class=\"m-0 font-weight-bold h6  text-heading-default\"><svg xmlns=\"http:\/\/www.w3.org\/2000\/svg\" height=\"24\" viewBox=\"0 0 24 24\" width=\"24\"><path d=\"M7 14H5v5h5v-2H7v-3zm-2-4h2V7h3V5H5v5zm12 7h-3v2h5v-5h-2v3zM14 5v2h3v3h2V5h-5z\"\/><\/svg>\n<\/div><\/div><\/div><\/a><\/div><div class=\" grid-item pix-mb-20 \"><a class=\"card pix-lightbox pix-lightbox-item pix-hover-item  rounded-lg\" data-fancybox=\"gallery\" data-caption=\"This is a simple description for your image.\n\" href=\"https:\/\/p2ptanitim.com\/wp-content\/uploads\/2021\/02\/gallery-2.jpg\"><img decoding=\"async\" class=\"card-img  rounded-lg pix-gallery-item pix-gallery-sm\" src=\"https:\/\/p2ptanitim.com\/wp-content\/uploads\/2021\/02\/gallery-2.jpg\" alt=\"This is a simple description for your image.\n\" \/><div class=\"card-img-overlay d-flex align-items-end pix-p-10\"><div class=\"card-content-box pix-p-20 rounded-lg w-100 shadow pix-fade-in bg-white d-flex justify-content-between align-items-center\"><div class=\"card-title font-weight-bold h6  text-heading-default m-0 w-100\" style=\"\">Click to open lightbox<\/div><div class=\"m-0 font-weight-bold h6  text-heading-default\"><svg xmlns=\"http:\/\/www.w3.org\/2000\/svg\" height=\"24\" viewBox=\"0 0 24 24\" width=\"24\"><path d=\"M7 14H5v5h5v-2H7v-3zm-2-4h2V7h3V5H5v5zm12 7h-3v2h5v-5h-2v3zM14 5v2h3v3h2V5h-5z\"\/><\/svg>\n<\/div><\/div><\/div><\/a><\/div><div class=\" grid-item pix-mb-20 \"><a class=\"card pix-lightbox pix-lightbox-item pix-hover-item  rounded-lg\" data-fancybox=\"gallery\" data-caption=\"This is a simple description for your image.\n\" href=\"https:\/\/p2ptanitim.com\/wp-content\/uploads\/2021\/02\/gallery-4.jpg\"><img decoding=\"async\" class=\"card-img  rounded-lg pix-gallery-item pix-gallery-sm\" src=\"https:\/\/p2ptanitim.com\/wp-content\/uploads\/2021\/02\/gallery-4.jpg\" alt=\"This is a simple description for your image.\n\" \/><div class=\"card-img-overlay d-flex align-items-end pix-p-10\"><div class=\"card-content-box pix-p-20 rounded-lg w-100 shadow pix-fade-in bg-white d-flex justify-content-between align-items-center\"><div class=\"card-title font-weight-bold h6  text-heading-default m-0 w-100\" style=\"\">Click to open lightbox<\/div><div class=\"m-0 font-weight-bold h6  text-heading-default\"><svg xmlns=\"http:\/\/www.w3.org\/2000\/svg\" height=\"24\" viewBox=\"0 0 24 24\" width=\"24\"><path d=\"M7 14H5v5h5v-2H7v-3zm-2-4h2V7h3V5H5v5zm12 7h-3v2h5v-5h-2v3zM14 5v2h3v3h2V5h-5z\"\/><\/svg>\n<\/div><\/div><\/div><\/a><\/div><div class=\" grid-item pix-mb-20 \"><a class=\"card pix-hover-item  rounded-lg\" href=\"https:\/\/1.envato.market\/Essentials\" target=\"_blank\" title=\"\" rel=\"\"><img decoding=\"async\" class=\"card-img  rounded-lg pix-gallery-item pix-gallery-lg\" src=\"https:\/\/p2ptanitim.com\/wp-content\/uploads\/2021\/02\/gallery-3.jpg\" alt=\"This is a simple description for your image.\n\" \/><div class=\"card-img-overlay d-flex align-items-end pix-p-10\"><div class=\"card-content-box pix-p-20 rounded-lg w-100 shadow  bg-white d-flex justify-content-between align-items-center\"><div class=\"card-title font-weight-bold h6  text-heading-default m-0 w-100\" style=\"\">This is an external link<\/div><div class=\"m-0 font-weight-bold h6  text-heading-default\"><svg xmlns=\"http:\/\/www.w3.org\/2000\/svg\" height=\"24\" viewBox=\"0 0 24 24\" width=\"24\"><path d=\"M19 19H5V5h7V3H5c-1.11 0-2 .9-2 2v14c0 1.1.89 2 2 2h14c1.1 0 2-.9 2-2v-7h-2v7zM14 3v2h3.59l-9.83 9.83 1.41 1.41L19 6.41V10h2V3h-7z\"\/><\/svg>\n<\/div><\/div><\/div><\/a><\/div><div class=\" grid-item grid-item--width2 pix-mb-20 \"><a class=\"card pix-lightbox pix-lightbox-item pix-hover-item  rounded-lg\" data-fancybox=\"gallery\" data-caption=\"This is a simple description for your image.\n\" href=\"https:\/\/p2ptanitim.com\/wp-content\/uploads\/2021\/02\/gallery-4.jpg\"><img decoding=\"async\" class=\"card-img  rounded-lg pix-gallery-item pix-gallery-sm\" src=\"https:\/\/p2ptanitim.com\/wp-content\/uploads\/2021\/02\/gallery-4.jpg\" alt=\"This is a simple description for your image.\n\" \/><div class=\"card-img-overlay d-flex align-items-end pix-p-10\"><div class=\"card-content-box pix-p-20 rounded-lg w-100 shadow pix-fade-in bg-white d-flex justify-content-between align-items-center\"><div class=\"card-title font-weight-bold h6  text-heading-default m-0 w-100\" style=\"\">Click to open lightbox<\/div><div class=\"m-0 font-weight-bold h6  text-heading-default\"><svg xmlns=\"http:\/\/www.w3.org\/2000\/svg\" height=\"24\" viewBox=\"0 0 24 24\" width=\"24\"><path d=\"M7 14H5v5h5v-2H7v-3zm-2-4h2V7h3V5H5v5zm12 7h-3v2h5v-5h-2v3zM14 5v2h3v3h2V5h-5z\"\/><\/svg>\n<\/div><\/div><\/div><\/a><\/div><\/div><\/div>[\/vc_column][\/vc_row][vc_row pix_particles_check=&#8221;&#8221; responsive_css=&#8221;{&#8220;pix_res_sm_pt&#8220;:&#8220;40&#8220;,&#8220;pix_res_md_pt&#8220;:&#8220;40&#8220;}&#8221; css=&#8221;.vc_custom_1614198948971{padding-top: 60px !important;}&#8221;][vc_column]<div class=\"d-block w-100 text-center\"><a  href=\"#\" class=\"btn mb-2     shadow-sm btn-secondary d-inline-block pix-hover-item       pix-btn-div btn-lg\"     ><i class=\"font-weight-bold pixicon-messages-2  pix-hover-left  mr-1\"><\/i> <span class=\"font-weight-bold \" >Get in touch today<\/span><\/a><\/div>[\/vc_column][\/vc_row][\/vc_section]<\/p>\n","protected":false},"excerpt":{"rendered":"[vc_section full_width=&#8221;stretch_row&#8221; pix_over_visibility=&#8221;&#8221; bottom_divider_select=&#8221;8&#8243; b_has_animation=&#8221;true&#8221; b_2_color=&#8221;rgba(255,255,255,0.01)&#8221; b_3_is_gradient=&#8221;true&#8221; b_3_color=&#8221;rgba(0,0,0,0.08)&#8221; b_3_color_2=&#8221;rgba(255,255,255,0.01)&#8221; b_3_animation=&#8221;fade-in-up&#8221; t_flip_h=&#8221;true&#8221; pix_overlay_color=&#8221;gray-1&#8243; responsive_css=&#8221;{&#8220;pix_res_sm_pt&#8220;:&#8220;20&#8220;,&#8220;pix_res_sm_pb&#8220;:&#8220;20&#8220;,&#8220;pix_res_md_pt&#8220;:&#8220;40&#8220;,&#8220;pix_res_md_pb&#8220;:&#8220;40&#8220;}&#8221; t_custom_height=&#8221;200px&#8221; b_custom_height=&#8221;300px&#8221; pix_overlay_opacity=&#8221;1&#8243; b_3_delay=&#8221;300&#8243; css=&#8221;.vc_custom_1614191317662{padding-top: 20px !important;}&#8221;][vc_row full_width=&#8221;stretch_row&#8221; content_placement=&#8221;middle&#8221; pix_particles_check=&#8221;&#8221; responsive_css=&#8221;{&#8220;pix_res_sm_pt&#8220;:&#8220;40&#8220;,&#8220;pix_res_sm_pb&#8220;:&#8220;40&#8220;,&#8220;pix_res_md_pt&#8220;:&#8220;40&#8220;,&#8220;pix_res_md_pb&#8220;:&#8220;40&#8220;}&#8221;][vc_column width=&#8221;1\/2&#8243; css=&#8221;.vc_custom_1604715604745{padding-top: 20px !important;padding-bottom: 20px !important;}&#8221;][\/vc_column][vc_column width=&#8221;1\/2&#8243; content_align=&#8221;text-center&#8221;][\/vc_column][\/vc_row][\/vc_section][vc_section full_width=&#8221;stretch_row&#8221; pix_over_visibility=&#8221;&#8221; responsive_css=&#8221;{&#8220;pix_res_sm_pb&#8220;:&#8220;20&#8220;,&#8220;pix_res_md_pb&#8220;:&#8220;20&#8220;}&#8221; css=&#8221;.vc_custom_1614191797476{padding-top: 60px !important;padding-bottom: 60px !important;background-color:&#8230;","protected":false},"author":1,"featured_media":0,"parent":0,"menu_order":0,"comment_status":"closed","ping_status":"closed","template":"","meta":{"footnotes":""},"class_list":["post-616","page","type-page","status-publish","hentry"],"yoast_head":"<!-- This site is optimized with the Yoast SEO plugin v26.9 - https:\/\/yoast.com\/product\/yoast-seo-wordpress\/ -->\n<title>Projeler - Kocaeli Grafik &amp; Web Tasar\u0131m Hizmetleri<\/title>\n<meta name=\"robots\" content=\"index, follow, max-snippet:-1, max-image-preview:large, max-video-preview:-1\" \/>\n<link rel=\"canonical\" href=\"https:\/\/p2ptanitim.com\/index.php\/projeler\/\" \/>\n<meta property=\"og:locale\" content=\"tr_TR\" \/>\n<meta property=\"og:type\" content=\"article\" \/>\n<meta property=\"og:title\" content=\"Projeler - Kocaeli Grafik &amp; Web Tasar\u0131m Hizmetleri\" \/>\n<meta property=\"og:description\" content=\"[vc_section full_width=&#8221;stretch_row&#8221; pix_over_visibility=&#8221;&#8221; bottom_divider_select=&#8221;8&#8243; b_has_animation=&#8221;true&#8221; b_2_color=&#8221;rgba(255,255,255,0.01)&#8221; b_3_is_gradient=&#8221;true&#8221; b_3_color=&#8221;rgba(0,0,0,0.08)&#8221; b_3_color_2=&#8221;rgba(255,255,255,0.01)&#8221; b_3_animation=&#8221;fade-in-up&#8221; t_flip_h=&#8221;true&#8221; pix_overlay_color=&#8221;gray-1&#8243; responsive_css=&#8221;{&#8220;pix_res_sm_pt&#8220;:&#8220;20&#8220;,&#8220;pix_res_sm_pb&#8220;:&#8220;20&#8220;,&#8220;pix_res_md_pt&#8220;:&#8220;40&#8220;,&#8220;pix_res_md_pb&#8220;:&#8220;40&#8220;}&#8221; t_custom_height=&#8221;200px&#8221; b_custom_height=&#8221;300px&#8221; pix_overlay_opacity=&#8221;1&#8243; b_3_delay=&#8221;300&#8243; css=&#8221;.vc_custom_1614191317662{padding-top: 20px !important;}&#8221;][vc_row full_width=&#8221;stretch_row&#8221; content_placement=&#8221;middle&#8221; pix_particles_check=&#8221;&#8221; responsive_css=&#8221;{&#8220;pix_res_sm_pt&#8220;:&#8220;40&#8220;,&#8220;pix_res_sm_pb&#8220;:&#8220;40&#8220;,&#8220;pix_res_md_pt&#8220;:&#8220;40&#8220;,&#8220;pix_res_md_pb&#8220;:&#8220;40&#8220;}&#8221;][vc_column width=&#8221;1\/2&#8243; css=&#8221;.vc_custom_1604715604745{padding-top: 20px !important;padding-bottom: 20px !important;}&#8221;][\/vc_column][vc_column width=&#8221;1\/2&#8243; content_align=&#8221;text-center&#8221;][\/vc_column][\/vc_row][\/vc_section][vc_section full_width=&#8221;stretch_row&#8221; pix_over_visibility=&#8221;&#8221; responsive_css=&#8221;{&#8220;pix_res_sm_pb&#8220;:&#8220;20&#8220;,&#8220;pix_res_md_pb&#8220;:&#8220;20&#8220;}&#8221; css=&#8221;.vc_custom_1614191797476{padding-top: 60px !important;padding-bottom: 60px !important;background-color:...\" \/>\n<meta property=\"og:url\" content=\"https:\/\/p2ptanitim.com\/index.php\/projeler\/\" \/>\n<meta property=\"og:site_name\" content=\"Kocaeli Grafik &amp; Web Tasar\u0131m Hizmetleri\" \/>\n<meta property=\"article:modified_time\" content=\"2022-08-11T12:26:53+00:00\" \/>\n<meta name=\"twitter:card\" content=\"summary_large_image\" \/>\n<meta name=\"twitter:label1\" content=\"Tahmini okuma s\u00fcresi\" \/>\n\t<meta name=\"twitter:data1\" content=\"5 dakika\" \/>\n<script type=\"application\/ld+json\" class=\"yoast-schema-graph\">{\"@context\":\"https:\/\/schema.org\",\"@graph\":[{\"@type\":\"WebPage\",\"@id\":\"https:\/\/p2ptanitim.com\/index.php\/projeler\/\",\"url\":\"https:\/\/p2ptanitim.com\/index.php\/projeler\/\",\"name\":\"Projeler - Kocaeli Grafik &amp; Web Tasar\u0131m Hizmetleri\",\"isPartOf\":{\"@id\":\"https:\/\/p2ptanitim.com\/#website\"},\"datePublished\":\"2021-02-16T22:00:25+00:00\",\"dateModified\":\"2022-08-11T12:26:53+00:00\",\"breadcrumb\":{\"@id\":\"https:\/\/p2ptanitim.com\/index.php\/projeler\/#breadcrumb\"},\"inLanguage\":\"tr\",\"potentialAction\":[{\"@type\":\"ReadAction\",\"target\":[\"https:\/\/p2ptanitim.com\/index.php\/projeler\/\"]}]},{\"@type\":\"BreadcrumbList\",\"@id\":\"https:\/\/p2ptanitim.com\/index.php\/projeler\/#breadcrumb\",\"itemListElement\":[{\"@type\":\"ListItem\",\"position\":1,\"name\":\"Anasayfa\",\"item\":\"https:\/\/p2ptanitim.com\/\"},{\"@type\":\"ListItem\",\"position\":2,\"name\":\"Projeler\"}]},{\"@type\":\"WebSite\",\"@id\":\"https:\/\/p2ptanitim.com\/#website\",\"url\":\"https:\/\/p2ptanitim.com\/\",\"name\":\"Kocaeli Grafik & Web Tasar\u0131m Hizmetleri\",\"description\":\"Fark\u0131n\u0131z Fark Edilsin!\",\"publisher\":{\"@id\":\"https:\/\/p2ptanitim.com\/#organization\"},\"potentialAction\":[{\"@type\":\"SearchAction\",\"target\":{\"@type\":\"EntryPoint\",\"urlTemplate\":\"https:\/\/p2ptanitim.com\/?s={search_term_string}\"},\"query-input\":{\"@type\":\"PropertyValueSpecification\",\"valueRequired\":true,\"valueName\":\"search_term_string\"}}],\"inLanguage\":\"tr\"},{\"@type\":\"Organization\",\"@id\":\"https:\/\/p2ptanitim.com\/#organization\",\"name\":\"Kocaeli Grafik & Web Tasar\u0131m Hizmetleri\",\"url\":\"https:\/\/p2ptanitim.com\/\",\"logo\":{\"@type\":\"ImageObject\",\"inLanguage\":\"tr\",\"@id\":\"https:\/\/p2ptanitim.com\/#\/schema\/logo\/image\/\",\"url\":\"https:\/\/p2ptanitim.com\/wp-content\/uploads\/2023\/08\/P2P-Tanitim-Favicon.webp\",\"contentUrl\":\"https:\/\/p2ptanitim.com\/wp-content\/uploads\/2023\/08\/P2P-Tanitim-Favicon.webp\",\"width\":250,\"height\":250,\"caption\":\"Kocaeli Grafik & Web Tasar\u0131m Hizmetleri\"},\"image\":{\"@id\":\"https:\/\/p2ptanitim.com\/#\/schema\/logo\/image\/\"}}]}<\/script>\n<!-- \/ Yoast SEO plugin. -->","yoast_head_json":{"title":"Projeler - Kocaeli Grafik &amp; Web Tasar\u0131m Hizmetleri","robots":{"index":"index","follow":"follow","max-snippet":"max-snippet:-1","max-image-preview":"max-image-preview:large","max-video-preview":"max-video-preview:-1"},"canonical":"https:\/\/p2ptanitim.com\/index.php\/projeler\/","og_locale":"tr_TR","og_type":"article","og_title":"Projeler - Kocaeli Grafik &amp; Web Tasar\u0131m Hizmetleri","og_description":"[vc_section full_width=&#8221;stretch_row&#8221; pix_over_visibility=&#8221;&#8221; bottom_divider_select=&#8221;8&#8243; b_has_animation=&#8221;true&#8221; b_2_color=&#8221;rgba(255,255,255,0.01)&#8221; b_3_is_gradient=&#8221;true&#8221; b_3_color=&#8221;rgba(0,0,0,0.08)&#8221; b_3_color_2=&#8221;rgba(255,255,255,0.01)&#8221; b_3_animation=&#8221;fade-in-up&#8221; t_flip_h=&#8221;true&#8221; pix_overlay_color=&#8221;gray-1&#8243; responsive_css=&#8221;{&#8220;pix_res_sm_pt&#8220;:&#8220;20&#8220;,&#8220;pix_res_sm_pb&#8220;:&#8220;20&#8220;,&#8220;pix_res_md_pt&#8220;:&#8220;40&#8220;,&#8220;pix_res_md_pb&#8220;:&#8220;40&#8220;}&#8221; t_custom_height=&#8221;200px&#8221; b_custom_height=&#8221;300px&#8221; pix_overlay_opacity=&#8221;1&#8243; b_3_delay=&#8221;300&#8243; css=&#8221;.vc_custom_1614191317662{padding-top: 20px !important;}&#8221;][vc_row full_width=&#8221;stretch_row&#8221; content_placement=&#8221;middle&#8221; pix_particles_check=&#8221;&#8221; responsive_css=&#8221;{&#8220;pix_res_sm_pt&#8220;:&#8220;40&#8220;,&#8220;pix_res_sm_pb&#8220;:&#8220;40&#8220;,&#8220;pix_res_md_pt&#8220;:&#8220;40&#8220;,&#8220;pix_res_md_pb&#8220;:&#8220;40&#8220;}&#8221;][vc_column width=&#8221;1\/2&#8243; css=&#8221;.vc_custom_1604715604745{padding-top: 20px !important;padding-bottom: 20px !important;}&#8221;][\/vc_column][vc_column width=&#8221;1\/2&#8243; content_align=&#8221;text-center&#8221;][\/vc_column][\/vc_row][\/vc_section][vc_section full_width=&#8221;stretch_row&#8221; pix_over_visibility=&#8221;&#8221; responsive_css=&#8221;{&#8220;pix_res_sm_pb&#8220;:&#8220;20&#8220;,&#8220;pix_res_md_pb&#8220;:&#8220;20&#8220;}&#8221; css=&#8221;.vc_custom_1614191797476{padding-top: 60px !important;padding-bottom: 60px !important;background-color:...","og_url":"https:\/\/p2ptanitim.com\/index.php\/projeler\/","og_site_name":"Kocaeli Grafik &amp; Web Tasar\u0131m Hizmetleri","article_modified_time":"2022-08-11T12:26:53+00:00","twitter_card":"summary_large_image","twitter_misc":{"Tahmini okuma s\u00fcresi":"5 dakika"},"schema":{"@context":"https:\/\/schema.org","@graph":[{"@type":"WebPage","@id":"https:\/\/p2ptanitim.com\/index.php\/projeler\/","url":"https:\/\/p2ptanitim.com\/index.php\/projeler\/","name":"Projeler - Kocaeli Grafik &amp; Web Tasar\u0131m Hizmetleri","isPartOf":{"@id":"https:\/\/p2ptanitim.com\/#website"},"datePublished":"2021-02-16T22:00:25+00:00","dateModified":"2022-08-11T12:26:53+00:00","breadcrumb":{"@id":"https:\/\/p2ptanitim.com\/index.php\/projeler\/#breadcrumb"},"inLanguage":"tr","potentialAction":[{"@type":"ReadAction","target":["https:\/\/p2ptanitim.com\/index.php\/projeler\/"]}]},{"@type":"BreadcrumbList","@id":"https:\/\/p2ptanitim.com\/index.php\/projeler\/#breadcrumb","itemListElement":[{"@type":"ListItem","position":1,"name":"Anasayfa","item":"https:\/\/p2ptanitim.com\/"},{"@type":"ListItem","position":2,"name":"Projeler"}]},{"@type":"WebSite","@id":"https:\/\/p2ptanitim.com\/#website","url":"https:\/\/p2ptanitim.com\/","name":"Kocaeli Grafik & Web Tasar\u0131m Hizmetleri","description":"Fark\u0131n\u0131z Fark Edilsin!","publisher":{"@id":"https:\/\/p2ptanitim.com\/#organization"},"potentialAction":[{"@type":"SearchAction","target":{"@type":"EntryPoint","urlTemplate":"https:\/\/p2ptanitim.com\/?s={search_term_string}"},"query-input":{"@type":"PropertyValueSpecification","valueRequired":true,"valueName":"search_term_string"}}],"inLanguage":"tr"},{"@type":"Organization","@id":"https:\/\/p2ptanitim.com\/#organization","name":"Kocaeli Grafik & Web Tasar\u0131m Hizmetleri","url":"https:\/\/p2ptanitim.com\/","logo":{"@type":"ImageObject","inLanguage":"tr","@id":"https:\/\/p2ptanitim.com\/#\/schema\/logo\/image\/","url":"https:\/\/p2ptanitim.com\/wp-content\/uploads\/2023\/08\/P2P-Tanitim-Favicon.webp","contentUrl":"https:\/\/p2ptanitim.com\/wp-content\/uploads\/2023\/08\/P2P-Tanitim-Favicon.webp","width":250,"height":250,"caption":"Kocaeli Grafik & Web Tasar\u0131m Hizmetleri"},"image":{"@id":"https:\/\/p2ptanitim.com\/#\/schema\/logo\/image\/"}}]}},"_links":{"self":[{"href":"https:\/\/p2ptanitim.com\/index.php\/wp-json\/wp\/v2\/pages\/616","targetHints":{"allow":["GET"]}}],"collection":[{"href":"https:\/\/p2ptanitim.com\/index.php\/wp-json\/wp\/v2\/pages"}],"about":[{"href":"https:\/\/p2ptanitim.com\/index.php\/wp-json\/wp\/v2\/types\/page"}],"author":[{"embeddable":true,"href":"https:\/\/p2ptanitim.com\/index.php\/wp-json\/wp\/v2\/users\/1"}],"replies":[{"embeddable":true,"href":"https:\/\/p2ptanitim.com\/index.php\/wp-json\/wp\/v2\/comments?post=616"}],"version-history":[{"count":1,"href":"https:\/\/p2ptanitim.com\/index.php\/wp-json\/wp\/v2\/pages\/616\/revisions"}],"predecessor-version":[{"id":3557,"href":"https:\/\/p2ptanitim.com\/index.php\/wp-json\/wp\/v2\/pages\/616\/revisions\/3557"}],"wp:attachment":[{"href":"https:\/\/p2ptanitim.com\/index.php\/wp-json\/wp\/v2\/media?parent=616"}],"curies":[{"name":"wp","href":"https:\/\/api.w.org\/{rel}","templated":true}]}}