{"id":620,"date":"2021-02-17T01:01:56","date_gmt":"2021-02-17T01:01:56","guid":{"rendered":"https:\/\/megapack.pixfort.com\/company\/?page_id=620"},"modified":"2021-02-17T01:01:56","modified_gmt":"2021-02-17T01:01:56","slug":"custom-404-page","status":"publish","type":"page","link":"https:\/\/p2ptanitim.com\/index.php\/custom-404-page\/","title":{"rendered":"Custom 404 page"},"content":{"rendered":"<p>[vc_section full_width=&#8221;stretch_row&#8221; full_height=&#8221;yes&#8221; content_placement=&#8221;middle&#8221; pix_over_visibility=&#8221;&#8221; pix_overlay_color=&#8221;gray-1&#8243;][vc_row full_width=&#8221;stretch_row&#8221; content_placement=&#8221;middle&#8221; pix_particles_check=&#8221;&#8221; responsive_css=&#8221;{&#8220;pix_res_sm_pt&#8220;:&#8220;60&#8220;,&#8220;pix_res_sm_pb&#8220;:&#8220;60&#8220;,&#8220;pix_res_md_pt&#8220;:&#8220;60&#8220;,&#8220;pix_res_md_pb&#8220;:&#8220;60&#8220;}&#8221; css=&#8221;.vc_custom_1605062747142{padding-top: 80px !important;padding-bottom: 80px !important;}&#8221;][vc_column width=&#8221;1\/2&#8243;]<div class=\"d-inline-block \" ><div class=\"pix-img-el    text-center d-inline-block  w-100 rounded-lg\"  ><img loading=\"lazy\" decoding=\"async\" class=\"card-img2 pix-img-elem rounded-lg  h-1002\" style=\"height:auto;\" width=\"724\" height=\"506\" srcset=\"https:\/\/p2ptanitim.com\/wp-content\/uploads\/2021\/02\/company-404.png 724w, https:\/\/p2ptanitim.com\/wp-content\/uploads\/2021\/02\/company-404-300x210.png 300w\" sizes=\"auto, (max-width: 724px) 100vw, 724px\" src=\"https:\/\/p2ptanitim.com\/wp-content\/uploads\/2021\/02\/company-404.png\" alt=\"\" \/><\/div><\/div>[\/vc_column][vc_column width=&#8221;1\/2&#8243; css=&#8221;.vc_custom_1559101053478{padding: 30px !important;}&#8221;]<div id=\"el1603925735052-9e8ebf61-2524\" class=\"pix-highlighted-element text-left  vc_custom_1613611693700\"><div class=\"d-inline-block\" style=\"max-width:600px;\"><h2 class=\"pix-highlighted-items \" style=\"\" data-anim-type=\"\" data-anim-delay=\"0\"><span id=\"el1603925735052-9e8ebf61-2524-0\" class=\"pix-highlight-bg align-middle2  el1603925735052-9e8ebf61-2524-0 animate-in\" data-anim-type=\"highlight-grow\" data-anim-delay=\"200\"><span class=\"pix-highlighted-text  pix-highlight-item font-weight-normal  font-weight-bold heading-font text-heading-default\">Error 404<\/span><\/span><\/br><span class=\"\"><span class=\"pix-highlighted-text pix-highlight-item font-weight-normal  heading-font text-heading-default\">Page not found!<\/span><\/span><\/h2><\/div><\/div><div class=\"pix-el-text w-100   vc_custom_1613611785305\" ><p class=\"  text-body-default  secondary-font\" >Sorry but the page you are looking for doesn&#8217;t exist or is not available anymore, however, you can search for a specific page:<\/p><\/div><form class=\"pix-small-search pix-ajax-search-container position-relative bg-white shadow-sm rounded-lg pix-small-search  pix-search-div w-100\"    method=\"get\" action=\"https:\/\/p2ptanitim.com\/\">\n                <div class=\"input-group input-group-lg2 \">\n                    <input type=\"text\" class=\"form-control pix-ajax-search form-control-lg shadow-0 font-weight-bold text-body-default\" name=\"s\" autocomplete=\"off\" placeholder=\"Search for something\" aria-label=\"Search\" data-search-link=\"https:\/\/p2ptanitim.com\/wp-admin\/admin-ajax.php?action=pix_ajax_searcht&nonce=b978a340db\">\n                    <div class=\"input-group-append\">\n                        <button class=\"btn btn-lg2 btn-white m-0 text-body-default\" type=\"submit\">\n<svg width=\"18px\" height=\"18px\" viewBox=\"0 0 18 18\" version=\"1.1\" xmlns=\"http:\/\/www.w3.org\/2000\/svg\" xmlns:xlink=\"http:\/\/www.w3.org\/1999\/xlink\">\n\n    <title>Shape<\/title>\n\n    <g id=\"Blog\" stroke=\"none\" stroke-width=\"1\" fill=\"none\" fill-rule=\"evenodd\">\n        <g id=\"blog-with-sidebar\" transform=\"translate(-1217.000000, -831.000000)\" fill=\"#BBBBBB\" fill-rule=\"nonzero\">\n            <g id=\"Search\" transform=\"translate(905.000000, 765.000000)\">\n                <g id=\"search\" transform=\"translate(312.000000, 66.000000)\">\n                    <path d=\"M17.784,16.776 L12.168,11.124 C13.104,9.972 13.68,8.46 13.68,6.84 C13.68,3.06 10.62,0 6.84,0 C3.06,0 0,3.06 0,6.84 C0,10.62 3.06,13.68 6.84,13.68 C8.46,13.68 9.972,13.104 11.124,12.168 L16.74,17.784 C16.92,17.928 17.1,18 17.28,18 C17.46,18 17.64,17.928 17.784,17.784 C18.072,17.496 18.072,17.064 17.784,16.776 Z M1.44,6.84 C1.44,3.852 3.852,1.44 6.84,1.44 C9.828,1.44 12.24,3.852 12.24,6.84 C12.24,9.828 9.828,12.24 6.84,12.24 C3.852,12.24 1.44,9.828 1.44,6.84 Z\"><\/path>\n                <\/g>\n            <\/g>\n        <\/g>\n    <\/g>\n<\/svg><\/button>\n                    <\/div>\n                <\/div>\n            <\/form><div class=\"pix-el-text w-100   vc_custom_1613611606669\" ><p class=\"  text-body-default  secondary-font\" >Or go back to website main page<\/p><\/div><a  href=\"#\" class=\"btn mb-2     shadow-sm btn-secondary d-inline-block pix-hover-item       btn-normal\"     ><span class=\"font-weight-bold \" >Go back to home<\/span> <i class=\"font-weight-bold pixicon-angle-right  pix-hover-right  ml-1\"><\/i><\/a>[\/vc_column][\/vc_row][\/vc_section]<\/p>\n","protected":false},"excerpt":{"rendered":"[vc_section full_width=&#8221;stretch_row&#8221; full_height=&#8221;yes&#8221; content_placement=&#8221;middle&#8221; pix_over_visibility=&#8221;&#8221; pix_overlay_color=&#8221;gray-1&#8243;][vc_row full_width=&#8221;stretch_row&#8221; content_placement=&#8221;middle&#8221; pix_particles_check=&#8221;&#8221; responsive_css=&#8221;{&#8220;pix_res_sm_pt&#8220;:&#8220;60&#8220;,&#8220;pix_res_sm_pb&#8220;:&#8220;60&#8220;,&#8220;pix_res_md_pt&#8220;:&#8220;60&#8220;,&#8220;pix_res_md_pb&#8220;:&#8220;60&#8220;}&#8221; css=&#8221;.vc_custom_1605062747142{padding-top: 80px !important;padding-bottom: 80px !important;}&#8221;][vc_column width=&#8221;1\/2&#8243;][\/vc_column][vc_column width=&#8221;1\/2&#8243; css=&#8221;.vc_custom_1559101053478{padding: 30px !important;}&#8221;][\/vc_column][\/vc_row][\/vc_section]","protected":false},"author":1,"featured_media":0,"parent":0,"menu_order":0,"comment_status":"closed","ping_status":"closed","template":"","meta":{"footnotes":""},"class_list":["post-620","page","type-page","status-publish","hentry"],"yoast_head":"<!-- This site is optimized with the Yoast SEO plugin v26.9 - https:\/\/yoast.com\/product\/yoast-seo-wordpress\/ -->\n<title>Custom 404 page - Kocaeli Grafik &amp; Web Tasar\u0131m Hizmetleri<\/title>\n<meta name=\"robots\" content=\"index, follow, max-snippet:-1, max-image-preview:large, max-video-preview:-1\" \/>\n<link rel=\"canonical\" href=\"https:\/\/p2ptanitim.com\/index.php\/custom-404-page\/\" \/>\n<meta property=\"og:locale\" content=\"tr_TR\" \/>\n<meta property=\"og:type\" content=\"article\" \/>\n<meta property=\"og:title\" content=\"Custom 404 page - Kocaeli Grafik &amp; Web Tasar\u0131m Hizmetleri\" \/>\n<meta property=\"og:description\" content=\"[vc_section full_width=&#8221;stretch_row&#8221; full_height=&#8221;yes&#8221; content_placement=&#8221;middle&#8221; pix_over_visibility=&#8221;&#8221; pix_overlay_color=&#8221;gray-1&#8243;][vc_row full_width=&#8221;stretch_row&#8221; content_placement=&#8221;middle&#8221; pix_particles_check=&#8221;&#8221; responsive_css=&#8221;{&#8220;pix_res_sm_pt&#8220;:&#8220;60&#8220;,&#8220;pix_res_sm_pb&#8220;:&#8220;60&#8220;,&#8220;pix_res_md_pt&#8220;:&#8220;60&#8220;,&#8220;pix_res_md_pb&#8220;:&#8220;60&#8220;}&#8221; css=&#8221;.vc_custom_1605062747142{padding-top: 80px !important;padding-bottom: 80px !important;}&#8221;][vc_column width=&#8221;1\/2&#8243;][\/vc_column][vc_column width=&#8221;1\/2&#8243; css=&#8221;.vc_custom_1559101053478{padding: 30px !important;}&#8221;][\/vc_column][\/vc_row][\/vc_section]\" \/>\n<meta property=\"og:url\" content=\"https:\/\/p2ptanitim.com\/index.php\/custom-404-page\/\" \/>\n<meta property=\"og:site_name\" content=\"Kocaeli Grafik &amp; Web Tasar\u0131m Hizmetleri\" \/>\n<meta name=\"twitter:card\" content=\"summary_large_image\" \/>\n<meta name=\"twitter:label1\" content=\"Tahmini okuma s\u00fcresi\" \/>\n\t<meta name=\"twitter:data1\" content=\"1 dakika\" \/>\n<script type=\"application\/ld+json\" class=\"yoast-schema-graph\">{\"@context\":\"https:\/\/schema.org\",\"@graph\":[{\"@type\":\"WebPage\",\"@id\":\"https:\/\/p2ptanitim.com\/index.php\/custom-404-page\/\",\"url\":\"https:\/\/p2ptanitim.com\/index.php\/custom-404-page\/\",\"name\":\"Custom 404 page - Kocaeli Grafik &amp; Web Tasar\u0131m Hizmetleri\",\"isPartOf\":{\"@id\":\"https:\/\/p2ptanitim.com\/#website\"},\"datePublished\":\"2021-02-17T01:01:56+00:00\",\"breadcrumb\":{\"@id\":\"https:\/\/p2ptanitim.com\/index.php\/custom-404-page\/#breadcrumb\"},\"inLanguage\":\"tr\",\"potentialAction\":[{\"@type\":\"ReadAction\",\"target\":[\"https:\/\/p2ptanitim.com\/index.php\/custom-404-page\/\"]}]},{\"@type\":\"BreadcrumbList\",\"@id\":\"https:\/\/p2ptanitim.com\/index.php\/custom-404-page\/#breadcrumb\",\"itemListElement\":[{\"@type\":\"ListItem\",\"position\":1,\"name\":\"Anasayfa\",\"item\":\"https:\/\/p2ptanitim.com\/\"},{\"@type\":\"ListItem\",\"position\":2,\"name\":\"Custom 404 page\"}]},{\"@type\":\"WebSite\",\"@id\":\"https:\/\/p2ptanitim.com\/#website\",\"url\":\"https:\/\/p2ptanitim.com\/\",\"name\":\"Kocaeli Grafik & Web Tasar\u0131m Hizmetleri\",\"description\":\"Fark\u0131n\u0131z Fark Edilsin!\",\"publisher\":{\"@id\":\"https:\/\/p2ptanitim.com\/#organization\"},\"potentialAction\":[{\"@type\":\"SearchAction\",\"target\":{\"@type\":\"EntryPoint\",\"urlTemplate\":\"https:\/\/p2ptanitim.com\/?s={search_term_string}\"},\"query-input\":{\"@type\":\"PropertyValueSpecification\",\"valueRequired\":true,\"valueName\":\"search_term_string\"}}],\"inLanguage\":\"tr\"},{\"@type\":\"Organization\",\"@id\":\"https:\/\/p2ptanitim.com\/#organization\",\"name\":\"Kocaeli Grafik & Web Tasar\u0131m Hizmetleri\",\"url\":\"https:\/\/p2ptanitim.com\/\",\"logo\":{\"@type\":\"ImageObject\",\"inLanguage\":\"tr\",\"@id\":\"https:\/\/p2ptanitim.com\/#\/schema\/logo\/image\/\",\"url\":\"https:\/\/p2ptanitim.com\/wp-content\/uploads\/2023\/08\/P2P-Tanitim-Favicon.webp\",\"contentUrl\":\"https:\/\/p2ptanitim.com\/wp-content\/uploads\/2023\/08\/P2P-Tanitim-Favicon.webp\",\"width\":250,\"height\":250,\"caption\":\"Kocaeli Grafik & Web Tasar\u0131m Hizmetleri\"},\"image\":{\"@id\":\"https:\/\/p2ptanitim.com\/#\/schema\/logo\/image\/\"}}]}<\/script>\n<!-- \/ Yoast SEO plugin. -->","yoast_head_json":{"title":"Custom 404 page - Kocaeli Grafik &amp; Web Tasar\u0131m Hizmetleri","robots":{"index":"index","follow":"follow","max-snippet":"max-snippet:-1","max-image-preview":"max-image-preview:large","max-video-preview":"max-video-preview:-1"},"canonical":"https:\/\/p2ptanitim.com\/index.php\/custom-404-page\/","og_locale":"tr_TR","og_type":"article","og_title":"Custom 404 page - Kocaeli Grafik &amp; Web Tasar\u0131m Hizmetleri","og_description":"[vc_section full_width=&#8221;stretch_row&#8221; full_height=&#8221;yes&#8221; content_placement=&#8221;middle&#8221; pix_over_visibility=&#8221;&#8221; pix_overlay_color=&#8221;gray-1&#8243;][vc_row full_width=&#8221;stretch_row&#8221; content_placement=&#8221;middle&#8221; pix_particles_check=&#8221;&#8221; responsive_css=&#8221;{&#8220;pix_res_sm_pt&#8220;:&#8220;60&#8220;,&#8220;pix_res_sm_pb&#8220;:&#8220;60&#8220;,&#8220;pix_res_md_pt&#8220;:&#8220;60&#8220;,&#8220;pix_res_md_pb&#8220;:&#8220;60&#8220;}&#8221; css=&#8221;.vc_custom_1605062747142{padding-top: 80px !important;padding-bottom: 80px !important;}&#8221;][vc_column width=&#8221;1\/2&#8243;][\/vc_column][vc_column width=&#8221;1\/2&#8243; css=&#8221;.vc_custom_1559101053478{padding: 30px !important;}&#8221;][\/vc_column][\/vc_row][\/vc_section]","og_url":"https:\/\/p2ptanitim.com\/index.php\/custom-404-page\/","og_site_name":"Kocaeli Grafik &amp; Web Tasar\u0131m Hizmetleri","twitter_card":"summary_large_image","twitter_misc":{"Tahmini okuma s\u00fcresi":"1 dakika"},"schema":{"@context":"https:\/\/schema.org","@graph":[{"@type":"WebPage","@id":"https:\/\/p2ptanitim.com\/index.php\/custom-404-page\/","url":"https:\/\/p2ptanitim.com\/index.php\/custom-404-page\/","name":"Custom 404 page - Kocaeli Grafik &amp; Web Tasar\u0131m Hizmetleri","isPartOf":{"@id":"https:\/\/p2ptanitim.com\/#website"},"datePublished":"2021-02-17T01:01:56+00:00","breadcrumb":{"@id":"https:\/\/p2ptanitim.com\/index.php\/custom-404-page\/#breadcrumb"},"inLanguage":"tr","potentialAction":[{"@type":"ReadAction","target":["https:\/\/p2ptanitim.com\/index.php\/custom-404-page\/"]}]},{"@type":"BreadcrumbList","@id":"https:\/\/p2ptanitim.com\/index.php\/custom-404-page\/#breadcrumb","itemListElement":[{"@type":"ListItem","position":1,"name":"Anasayfa","item":"https:\/\/p2ptanitim.com\/"},{"@type":"ListItem","position":2,"name":"Custom 404 page"}]},{"@type":"WebSite","@id":"https:\/\/p2ptanitim.com\/#website","url":"https:\/\/p2ptanitim.com\/","name":"Kocaeli Grafik & Web Tasar\u0131m Hizmetleri","description":"Fark\u0131n\u0131z Fark Edilsin!","publisher":{"@id":"https:\/\/p2ptanitim.com\/#organization"},"potentialAction":[{"@type":"SearchAction","target":{"@type":"EntryPoint","urlTemplate":"https:\/\/p2ptanitim.com\/?s={search_term_string}"},"query-input":{"@type":"PropertyValueSpecification","valueRequired":true,"valueName":"search_term_string"}}],"inLanguage":"tr"},{"@type":"Organization","@id":"https:\/\/p2ptanitim.com\/#organization","name":"Kocaeli Grafik & Web Tasar\u0131m Hizmetleri","url":"https:\/\/p2ptanitim.com\/","logo":{"@type":"ImageObject","inLanguage":"tr","@id":"https:\/\/p2ptanitim.com\/#\/schema\/logo\/image\/","url":"https:\/\/p2ptanitim.com\/wp-content\/uploads\/2023\/08\/P2P-Tanitim-Favicon.webp","contentUrl":"https:\/\/p2ptanitim.com\/wp-content\/uploads\/2023\/08\/P2P-Tanitim-Favicon.webp","width":250,"height":250,"caption":"Kocaeli Grafik & Web Tasar\u0131m Hizmetleri"},"image":{"@id":"https:\/\/p2ptanitim.com\/#\/schema\/logo\/image\/"}}]}},"_links":{"self":[{"href":"https:\/\/p2ptanitim.com\/index.php\/wp-json\/wp\/v2\/pages\/620","targetHints":{"allow":["GET"]}}],"collection":[{"href":"https:\/\/p2ptanitim.com\/index.php\/wp-json\/wp\/v2\/pages"}],"about":[{"href":"https:\/\/p2ptanitim.com\/index.php\/wp-json\/wp\/v2\/types\/page"}],"author":[{"embeddable":true,"href":"https:\/\/p2ptanitim.com\/index.php\/wp-json\/wp\/v2\/users\/1"}],"replies":[{"embeddable":true,"href":"https:\/\/p2ptanitim.com\/index.php\/wp-json\/wp\/v2\/comments?post=620"}],"version-history":[{"count":0,"href":"https:\/\/p2ptanitim.com\/index.php\/wp-json\/wp\/v2\/pages\/620\/revisions"}],"wp:attachment":[{"href":"https:\/\/p2ptanitim.com\/index.php\/wp-json\/wp\/v2\/media?parent=620"}],"curies":[{"name":"wp","href":"https:\/\/api.w.org\/{rel}","templated":true}]}}