{"id":625,"date":"2021-02-17T01:03:36","date_gmt":"2021-02-16T22:03:36","guid":{"rendered":"https:\/\/megapack.pixfort.com\/company\/?page_id=625"},"modified":"2022-08-11T15:25:58","modified_gmt":"2022-08-11T12:25:58","slug":"teknik-destek","status":"publish","type":"page","link":"https:\/\/p2ptanitim.com\/index.php\/teknik-destek\/","title":{"rendered":"Teknik Destek"},"content":{"rendered":"<p>[vc_section full_width=&#8221;stretch_row&#8221; pix_over_visibility=&#8221;&#8221; bottom_divider_select=&#8221;8&#8243; b_has_animation=&#8221;true&#8221; b_2_color=&#8221;rgba(255,255,255,0.01)&#8221; b_3_is_gradient=&#8221;true&#8221; b_3_color=&#8221;rgba(0,0,0,0.08)&#8221; b_3_color_2=&#8221;rgba(255,255,255,0.01)&#8221; b_3_animation=&#8221;fade-in-up&#8221; t_flip_h=&#8221;true&#8221; pix_overlay_color=&#8221;gray-1&#8243; responsive_css=&#8221;{&#8220;pix_res_sm_pt&#8220;:&#8220;20&#8220;,&#8220;pix_res_sm_pb&#8220;:&#8220;20&#8220;,&#8220;pix_res_md_pt&#8220;:&#8220;40&#8220;,&#8220;pix_res_md_pb&#8220;:&#8220;40&#8220;}&#8221; css=&#8221;.vc_custom_1614215508746{padding-top: 60px !important;padding-bottom: 40px !important;}&#8221; t_custom_height=&#8221;200px&#8221; b_custom_height=&#8221;300px&#8221; pix_overlay_opacity=&#8221;1&#8243; b_3_delay=&#8221;300&#8243;][vc_row full_width=&#8221;stretch_row&#8221; content_placement=&#8221;middle&#8221; pix_particles_check=&#8221;&#8221; responsive_css=&#8221;{&#8220;pix_res_sm_pt&#8220;:&#8220;40&#8220;,&#8220;pix_res_sm_pb&#8220;:&#8220;40&#8220;,&#8220;pix_res_md_pt&#8220;:&#8220;40&#8220;,&#8220;pix_res_md_pb&#8220;:&#8220;40&#8220;}&#8221;][vc_column content_align=&#8221;text-center&#8221; css=&#8221;.vc_custom_1613527831148{padding-top: 20px !important;padding-bottom: 20px !important;}&#8221; offset=&#8221;vc_col-lg-offset-3 vc_col-lg-6 vc_col-md-offset-2 vc_col-md-8&#8243;]<div id=\"el1613521949772-0c712dee-cf78\" class=\"pix-highlighted-element text-center  vc_custom_1613613055611\"><h2 class=\"pix-highlighted-items \" style=\"\" data-anim-type=\"\" data-anim-delay=\"0\"><span class=\"\"><span class=\"pix-highlighted-text pix-highlight-item font-weight-normal  heading-font text-heading-default\">Get <\/span><\/span><span id=\"el1613521949772-0c712dee-cf78-1\" class=\"pix-highlight-bg align-middle2  el1613521949772-0c712dee-cf78-1 animate-in\" data-anim-type=\"highlight-grow\" data-anim-delay=\"200\"><span class=\"pix-highlighted-text  pix-highlight-item font-weight-normal  font-weight-bold heading-font text-heading-default\">instant responses<\/span><\/span><\/br><span class=\"\"><span class=\"pix-highlighted-text pix-highlight-item font-weight-normal  heading-font text-heading-default\"> to your questions.<\/span><\/span><\/h2><\/div><div class=\"pix-el-text w-100   vc_custom_1609298675365\" ><p class=\"text-20  text-dark-opacity-5  \" >Lorem ipsum dolor sit amet, consectetur adipiscing elit, sed do eiusmod tempor incididunt ut labore et dolore aliqua.<\/p><\/div><form class=\"pix-small-search pix-ajax-search-container position-relative bg-white shadow-sm rounded-lg pix-small-search  pix-search-div w-100\"    method=\"get\" action=\"https:\/\/p2ptanitim.com\/\">\n                <div class=\"input-group input-group-lg2 \">\n                    <input type=\"text\" class=\"form-control pix-ajax-search form-control-lg shadow-0 font-weight-bold text-body-default\" name=\"s\" autocomplete=\"off\" placeholder=\"Search for something\" aria-label=\"Search\" data-search-link=\"https:\/\/p2ptanitim.com\/wp-admin\/admin-ajax.php?action=pix_ajax_searcht&nonce=4e074698e4\">\n                    <div class=\"input-group-append\">\n                        <button class=\"btn btn-lg2 btn-white m-0 text-body-default\" type=\"submit\">\n<svg width=\"18px\" height=\"18px\" viewBox=\"0 0 18 18\" version=\"1.1\" xmlns=\"http:\/\/www.w3.org\/2000\/svg\" xmlns:xlink=\"http:\/\/www.w3.org\/1999\/xlink\">\n\n    <title>Shape<\/title>\n\n    <g id=\"Blog\" stroke=\"none\" stroke-width=\"1\" fill=\"none\" fill-rule=\"evenodd\">\n        <g id=\"blog-with-sidebar\" transform=\"translate(-1217.000000, -831.000000)\" fill=\"#BBBBBB\" fill-rule=\"nonzero\">\n            <g id=\"Search\" transform=\"translate(905.000000, 765.000000)\">\n                <g id=\"search\" transform=\"translate(312.000000, 66.000000)\">\n                    <path d=\"M17.784,16.776 L12.168,11.124 C13.104,9.972 13.68,8.46 13.68,6.84 C13.68,3.06 10.62,0 6.84,0 C3.06,0 0,3.06 0,6.84 C0,10.62 3.06,13.68 6.84,13.68 C8.46,13.68 9.972,13.104 11.124,12.168 L16.74,17.784 C16.92,17.928 17.1,18 17.28,18 C17.46,18 17.64,17.928 17.784,17.784 C18.072,17.496 18.072,17.064 17.784,16.776 Z M1.44,6.84 C1.44,3.852 3.852,1.44 6.84,1.44 C9.828,1.44 12.24,3.852 12.24,6.84 C12.24,9.828 9.828,12.24 6.84,12.24 C3.852,12.24 1.44,9.828 1.44,6.84 Z\"><\/path>\n                <\/g>\n            <\/g>\n        <\/g>\n    <\/g>\n<\/svg><\/button>\n                    <\/div>\n                <\/div>\n            <\/form><div class=\"pix-el-text w-100   vc_custom_1613612555400\" ><p class=\" m-0 text-dark-opacity-5  font-weight-bold\" >Start typing to search for a topic in the knowledge base.<\/p><\/div>[\/vc_column][\/vc_row][\/vc_section][vc_section full_width=&#8221;stretch_row&#8221; pix_over_visibility=&#8221;&#8221; responsive_css=&#8221;{&#8220;pix_res_sm_pb&#8220;:&#8220;20&#8220;,&#8220;pix_res_md_pb&#8220;:&#8220;20&#8220;}&#8221; css=&#8221;.vc_custom_1614138816970{padding-top: 0px !important;padding-bottom: 80px !important;background-color: #ffffff !important;border-radius: 10px !important;}&#8221;][vc_row pix_particles_check=&#8221;&#8221; responsive_css=&#8221;{&#8220;pix_res_sm_pb&#8220;:&#8220;20&#8220;,&#8220;pix_res_md_pb&#8220;:&#8220;20&#8220;}&#8221; css=&#8221;.vc_custom_1613526521162{padding-bottom: 40px !important;}&#8221;][vc_column width=&#8221;1\/3&#8243; responsive_css=&#8221;{&#8220;pix_res_sm_pt&#8220;:&#8220;8%&#8220;,&#8220;pix_res_sm_pr&#8220;:&#8220;8%&#8220;,&#8220;pix_res_sm_pb&#8220;:&#8220;8%&#8220;,&#8220;pix_res_sm_pl&#8220;:&#8220;8%&#8220;,&#8220;pix_res_md_pt&#8220;:&#8220;8%&#8220;,&#8220;pix_res_md_pr&#8220;:&#8220;8%&#8220;,&#8220;pix_res_md_pb&#8220;:&#8220;8%&#8220;,&#8220;pix_res_md_pl&#8220;:&#8220;8%&#8220;}&#8221; css=&#8221;.vc_custom_1613612702922{padding-top: 30px !important;padding-bottom: 30px !important;}&#8221;]<div id=\"1613524452213-d302f092-6826\" class=\"media  vc_custom_1613613205754\"><div class=\"mr-3 feature_img \"   style=\"position:relative;text-align:center;\"><i style=\"display:inline-block;font-size:30px;min-width:30px;line-height:30px;\" class=\"text-secondary align-middle pixicon-rocket-1\"><\/i><\/div><div class=\"media-body text-left\"><h6 class=\"font-weight-bold   text-heading-default  \" style=\"padding-top:8px;\"  >Getting started<\/h6><div class=\"text-text-gray text-20     \" style=\"\"  ><\/div><\/div><\/div><div id=\"el1613524452214-86284c40-9174\" class=\"pix-highlighted-element text-left  vc_custom_1613613403312\"><h3 class=\"pix-highlighted-items \" style=\"\" data-anim-type=\"\" data-anim-delay=\"0\"><span class=\"\"><span class=\"pix-highlighted-text pix-highlight-item font-weight-normal  heading-font text-heading-default\">General <\/span><\/span><span id=\"el1613524452214-86284c40-9174-1\" class=\"pix-highlight-bg align-middle2  el1613524452214-86284c40-9174-1 animate-in\" data-anim-type=\"highlight-grow\" data-anim-delay=\"200\"><span class=\"pix-highlighted-text  pix-highlight-item font-weight-normal  font-weight-bold heading-font text-heading-default\">Questions<\/span><\/span><\/h3><\/div><div class=\"pix-el-text w-100   vc_custom_1613612794679\" ><p class=\"text-20  text-dark-opacity-5  \" >Lorem ipsum dolor sit amet, consectetur adipiscing elit, sed do eiusmod tempor.<\/p><\/div><a  href=\"#\" class=\"btn mb-2     text-primary btn-link text-secondary d-inline-block pix-hover-item  no-padding     btn-lg\"     ><span class=\"font-weight-bold \" >Learn more about Essentials<\/span> <i class=\"font-weight-bold pixicon-angle-circle-right  pix-hover-right  ml-1\"><\/i><\/a>[\/vc_column][vc_column width=&#8221;1\/3&#8243; responsive_css=&#8221;{&#8220;pix_res_sm_pt&#8220;:&#8220;8%&#8220;,&#8220;pix_res_sm_pr&#8220;:&#8220;8%&#8220;,&#8220;pix_res_sm_pb&#8220;:&#8220;8%&#8220;,&#8220;pix_res_sm_pl&#8220;:&#8220;8%&#8220;,&#8220;pix_res_md_pt&#8220;:&#8220;8%&#8220;,&#8220;pix_res_md_pr&#8220;:&#8220;8%&#8220;,&#8220;pix_res_md_pb&#8220;:&#8220;8%&#8220;,&#8220;pix_res_md_pl&#8220;:&#8220;8%&#8220;}&#8221; css=&#8221;.vc_custom_1613612754782{padding-top: 30px !important;padding-bottom: 30px !important;}&#8221;]<div id=\"1607664135887-0775a926-1ae9\" class=\"media  vc_custom_1613613353078\"><div class=\"mr-3 feature_img \"   style=\"position:relative;text-align:center;\"><i style=\"display:inline-block;font-size:30px;min-width:30px;line-height:30px;\" class=\"text-primary align-middle pixicon-photos-1\"><\/i><\/div><div class=\"media-body text-left\"><h6 class=\"font-weight-bold   text-heading-default  \" style=\"padding-top:8px;\"  >Detailed instructions<\/h6><div class=\"text-text-gray text-20     \" style=\"\"  ><\/div><\/div><\/div><div id=\"el1613186136140-6ff397ad-3ef3\" class=\"pix-highlighted-element text-left  vc_custom_1613613272928\"><h3 class=\"pix-highlighted-items \" style=\"\" data-anim-type=\"\" data-anim-delay=\"0\"><span class=\"\"><span class=\"pix-highlighted-text pix-highlight-item font-weight-normal  heading-font text-heading-default\">Popular <\/span><\/span><span id=\"el1613186136140-6ff397ad-3ef3-1\" class=\"pix-highlight-bg align-middle2  el1613186136140-6ff397ad-3ef3-1 animate-in\" data-anim-type=\"highlight-grow\" data-anim-delay=\"200\"><span class=\"pix-highlighted-text  pix-highlight-item font-weight-normal  font-weight-bold heading-font text-heading-default\">Articles<\/span><\/span><\/h3><\/div><div class=\"pix-el-text w-100   vc_custom_1613612799216\" ><p class=\"text-20  text-dark-opacity-5  \" >Lorem ipsum dolor sit amet, consectetur adipiscing elit, sed do eiusmod tempor.<\/p><\/div><a  href=\"#\" class=\"btn mb-2     text-primary btn-link text-primary d-inline-block pix-hover-item  no-padding     btn-lg\"     ><span class=\"font-weight-bold \" >Check all articles<\/span> <i class=\"font-weight-bold pixicon-angle-circle-right  pix-hover-right  ml-1\"><\/i><\/a>[\/vc_column][vc_column width=&#8221;1\/3&#8243; css=&#8221;.vc_custom_1613612785594{padding-top: 30px !important;padding-bottom: 30px !important;}&#8221;]<div id=\"1613526497295-d240128f-aa50\" class=\"media  vc_custom_1613613343290\"><div class=\"mr-3 feature_img \"   style=\"position:relative;text-align:center;\"><i style=\"display:inline-block;font-size:30px;min-width:30px;line-height:30px;\" class=\"text-yellow align-middle pixicon-youtube3\"><\/i><\/div><div class=\"media-body text-left\"><h6 class=\"font-weight-bold   text-heading-default  \" style=\"padding-top:8px;\"  >High Quality Videos<\/h6><div class=\"text-text-gray text-20     \" style=\"\"  ><\/div><\/div><\/div><div id=\"el1613526497296-61098c47-d0d5\" class=\"pix-highlighted-element text-left  vc_custom_1613613314786\"><h3 class=\"pix-highlighted-items \" style=\"\" data-anim-type=\"\" data-anim-delay=\"0\"><span class=\"\"><span class=\"pix-highlighted-text pix-highlight-item font-weight-normal  heading-font text-heading-default\">Video <\/span><\/span><span id=\"el1613526497296-61098c47-d0d5-1\" class=\"pix-highlight-bg align-middle2  el1613526497296-61098c47-d0d5-1 animate-in\" data-anim-type=\"highlight-grow\" data-anim-delay=\"200\"><span class=\"pix-highlighted-text  pix-highlight-item font-weight-normal  font-weight-bold heading-font text-heading-default\">Tutorials<\/span><\/span><\/h3><\/div><div class=\"pix-el-text w-100   vc_custom_1613612804536\" ><p class=\"text-20  text-dark-opacity-5  \" >Lorem ipsum dolor sit amet, consectetur adipiscing elit, sed do eiusmod tempor.<\/p><\/div><a  href=\"#\" class=\"btn mb-2     btn-link text-dark-opacity-7 d-inline-block pix-hover-item  no-padding     btn-lg\"     ><span class=\"font-weight-bold \" >Visit our YouTube channel<\/span> <i class=\"font-weight-bold pixicon-angle-circle-right  pix-hover-right  ml-1\"><\/i><\/a>[\/vc_column][\/vc_row][vc_row pix_particles_check=&#8221;&#8221; responsive_css=&#8221;{&#8220;pix_res_sm_pt&#8220;:&#8220;40&#8220;,&#8220;pix_res_md_pt&#8220;:&#8220;40&#8220;}&#8221;][vc_column]<div class=\"d-block w-100 text-center\"><a  href=\"#\" class=\"btn mb-2     shadow-sm btn-secondary d-inline-block pix-hover-item       pix-btn-div btn-lg\"     ><i class=\"font-weight-bold pixicon-messages-2  pix-hover-left  mr-1\"><\/i> <span class=\"font-weight-bold \" >Get in touch today<\/span><\/a><\/div>[\/vc_column][\/vc_row][\/vc_section]<\/p>\n","protected":false},"excerpt":{"rendered":"[vc_section full_width=&#8221;stretch_row&#8221; pix_over_visibility=&#8221;&#8221; bottom_divider_select=&#8221;8&#8243; b_has_animation=&#8221;true&#8221; b_2_color=&#8221;rgba(255,255,255,0.01)&#8221; b_3_is_gradient=&#8221;true&#8221; b_3_color=&#8221;rgba(0,0,0,0.08)&#8221; b_3_color_2=&#8221;rgba(255,255,255,0.01)&#8221; b_3_animation=&#8221;fade-in-up&#8221; t_flip_h=&#8221;true&#8221; pix_overlay_color=&#8221;gray-1&#8243; responsive_css=&#8221;{&#8220;pix_res_sm_pt&#8220;:&#8220;20&#8220;,&#8220;pix_res_sm_pb&#8220;:&#8220;20&#8220;,&#8220;pix_res_md_pt&#8220;:&#8220;40&#8220;,&#8220;pix_res_md_pb&#8220;:&#8220;40&#8220;}&#8221; css=&#8221;.vc_custom_1614215508746{padding-top: 60px !important;padding-bottom: 40px !important;}&#8221; t_custom_height=&#8221;200px&#8221; b_custom_height=&#8221;300px&#8221; pix_overlay_opacity=&#8221;1&#8243; b_3_delay=&#8221;300&#8243;][vc_row full_width=&#8221;stretch_row&#8221; content_placement=&#8221;middle&#8221; pix_particles_check=&#8221;&#8221; responsive_css=&#8221;{&#8220;pix_res_sm_pt&#8220;:&#8220;40&#8220;,&#8220;pix_res_sm_pb&#8220;:&#8220;40&#8220;,&#8220;pix_res_md_pt&#8220;:&#8220;40&#8220;,&#8220;pix_res_md_pb&#8220;:&#8220;40&#8220;}&#8221;][vc_column content_align=&#8221;text-center&#8221; css=&#8221;.vc_custom_1613527831148{padding-top: 20px !important;padding-bottom: 20px !important;}&#8221; offset=&#8221;vc_col-lg-offset-3 vc_col-lg-6 vc_col-md-offset-2 vc_col-md-8&#8243;][\/vc_column][\/vc_row][\/vc_section][vc_section full_width=&#8221;stretch_row&#8221; pix_over_visibility=&#8221;&#8221; responsive_css=&#8221;{&#8220;pix_res_sm_pb&#8220;:&#8220;20&#8220;,&#8220;pix_res_md_pb&#8220;:&#8220;20&#8220;}&#8221; css=&#8221;.vc_custom_1614138816970{padding-top:&#8230;","protected":false},"author":1,"featured_media":0,"parent":0,"menu_order":0,"comment_status":"closed","ping_status":"closed","template":"","meta":{"footnotes":""},"class_list":["post-625","page","type-page","status-publish","hentry"],"yoast_head":"<!-- This site is optimized with the Yoast SEO plugin v26.9 - https:\/\/yoast.com\/product\/yoast-seo-wordpress\/ -->\n<title>Teknik Destek - Kocaeli Grafik &amp; Web Tasar\u0131m Hizmetleri<\/title>\n<meta name=\"robots\" content=\"index, follow, max-snippet:-1, max-image-preview:large, max-video-preview:-1\" \/>\n<link rel=\"canonical\" href=\"https:\/\/p2ptanitim.com\/index.php\/teknik-destek\/\" \/>\n<meta property=\"og:locale\" content=\"tr_TR\" \/>\n<meta property=\"og:type\" content=\"article\" \/>\n<meta property=\"og:title\" content=\"Teknik Destek - Kocaeli Grafik &amp; Web Tasar\u0131m Hizmetleri\" \/>\n<meta property=\"og:description\" content=\"[vc_section full_width=&#8221;stretch_row&#8221; pix_over_visibility=&#8221;&#8221; bottom_divider_select=&#8221;8&#8243; b_has_animation=&#8221;true&#8221; b_2_color=&#8221;rgba(255,255,255,0.01)&#8221; b_3_is_gradient=&#8221;true&#8221; b_3_color=&#8221;rgba(0,0,0,0.08)&#8221; b_3_color_2=&#8221;rgba(255,255,255,0.01)&#8221; b_3_animation=&#8221;fade-in-up&#8221; t_flip_h=&#8221;true&#8221; pix_overlay_color=&#8221;gray-1&#8243; responsive_css=&#8221;{&#8220;pix_res_sm_pt&#8220;:&#8220;20&#8220;,&#8220;pix_res_sm_pb&#8220;:&#8220;20&#8220;,&#8220;pix_res_md_pt&#8220;:&#8220;40&#8220;,&#8220;pix_res_md_pb&#8220;:&#8220;40&#8220;}&#8221; css=&#8221;.vc_custom_1614215508746{padding-top: 60px !important;padding-bottom: 40px !important;}&#8221; t_custom_height=&#8221;200px&#8221; b_custom_height=&#8221;300px&#8221; pix_overlay_opacity=&#8221;1&#8243; b_3_delay=&#8221;300&#8243;][vc_row full_width=&#8221;stretch_row&#8221; content_placement=&#8221;middle&#8221; pix_particles_check=&#8221;&#8221; responsive_css=&#8221;{&#8220;pix_res_sm_pt&#8220;:&#8220;40&#8220;,&#8220;pix_res_sm_pb&#8220;:&#8220;40&#8220;,&#8220;pix_res_md_pt&#8220;:&#8220;40&#8220;,&#8220;pix_res_md_pb&#8220;:&#8220;40&#8220;}&#8221;][vc_column content_align=&#8221;text-center&#8221; css=&#8221;.vc_custom_1613527831148{padding-top: 20px !important;padding-bottom: 20px !important;}&#8221; offset=&#8221;vc_col-lg-offset-3 vc_col-lg-6 vc_col-md-offset-2 vc_col-md-8&#8243;][\/vc_column][\/vc_row][\/vc_section][vc_section full_width=&#8221;stretch_row&#8221; pix_over_visibility=&#8221;&#8221; responsive_css=&#8221;{&#8220;pix_res_sm_pb&#8220;:&#8220;20&#8220;,&#8220;pix_res_md_pb&#8220;:&#8220;20&#8220;}&#8221; css=&#8221;.vc_custom_1614138816970{padding-top:...\" \/>\n<meta property=\"og:url\" content=\"https:\/\/p2ptanitim.com\/index.php\/teknik-destek\/\" \/>\n<meta property=\"og:site_name\" content=\"Kocaeli Grafik &amp; Web Tasar\u0131m Hizmetleri\" \/>\n<meta property=\"article:modified_time\" content=\"2022-08-11T12:25:58+00:00\" \/>\n<meta name=\"twitter:card\" content=\"summary_large_image\" \/>\n<meta name=\"twitter:label1\" content=\"Tahmini okuma s\u00fcresi\" \/>\n\t<meta name=\"twitter:data1\" content=\"5 dakika\" \/>\n<script type=\"application\/ld+json\" class=\"yoast-schema-graph\">{\"@context\":\"https:\/\/schema.org\",\"@graph\":[{\"@type\":\"WebPage\",\"@id\":\"https:\/\/p2ptanitim.com\/index.php\/teknik-destek\/\",\"url\":\"https:\/\/p2ptanitim.com\/index.php\/teknik-destek\/\",\"name\":\"Teknik Destek - Kocaeli Grafik &amp; Web Tasar\u0131m Hizmetleri\",\"isPartOf\":{\"@id\":\"https:\/\/p2ptanitim.com\/#website\"},\"datePublished\":\"2021-02-16T22:03:36+00:00\",\"dateModified\":\"2022-08-11T12:25:58+00:00\",\"breadcrumb\":{\"@id\":\"https:\/\/p2ptanitim.com\/index.php\/teknik-destek\/#breadcrumb\"},\"inLanguage\":\"tr\",\"potentialAction\":[{\"@type\":\"ReadAction\",\"target\":[\"https:\/\/p2ptanitim.com\/index.php\/teknik-destek\/\"]}]},{\"@type\":\"BreadcrumbList\",\"@id\":\"https:\/\/p2ptanitim.com\/index.php\/teknik-destek\/#breadcrumb\",\"itemListElement\":[{\"@type\":\"ListItem\",\"position\":1,\"name\":\"Anasayfa\",\"item\":\"https:\/\/p2ptanitim.com\/\"},{\"@type\":\"ListItem\",\"position\":2,\"name\":\"Teknik Destek\"}]},{\"@type\":\"WebSite\",\"@id\":\"https:\/\/p2ptanitim.com\/#website\",\"url\":\"https:\/\/p2ptanitim.com\/\",\"name\":\"Kocaeli Grafik & Web Tasar\u0131m Hizmetleri\",\"description\":\"Fark\u0131n\u0131z Fark Edilsin!\",\"publisher\":{\"@id\":\"https:\/\/p2ptanitim.com\/#organization\"},\"potentialAction\":[{\"@type\":\"SearchAction\",\"target\":{\"@type\":\"EntryPoint\",\"urlTemplate\":\"https:\/\/p2ptanitim.com\/?s={search_term_string}\"},\"query-input\":{\"@type\":\"PropertyValueSpecification\",\"valueRequired\":true,\"valueName\":\"search_term_string\"}}],\"inLanguage\":\"tr\"},{\"@type\":\"Organization\",\"@id\":\"https:\/\/p2ptanitim.com\/#organization\",\"name\":\"Kocaeli Grafik & Web Tasar\u0131m Hizmetleri\",\"url\":\"https:\/\/p2ptanitim.com\/\",\"logo\":{\"@type\":\"ImageObject\",\"inLanguage\":\"tr\",\"@id\":\"https:\/\/p2ptanitim.com\/#\/schema\/logo\/image\/\",\"url\":\"https:\/\/p2ptanitim.com\/wp-content\/uploads\/2023\/08\/P2P-Tanitim-Favicon.webp\",\"contentUrl\":\"https:\/\/p2ptanitim.com\/wp-content\/uploads\/2023\/08\/P2P-Tanitim-Favicon.webp\",\"width\":250,\"height\":250,\"caption\":\"Kocaeli Grafik & Web Tasar\u0131m Hizmetleri\"},\"image\":{\"@id\":\"https:\/\/p2ptanitim.com\/#\/schema\/logo\/image\/\"}}]}<\/script>\n<!-- \/ Yoast SEO plugin. -->","yoast_head_json":{"title":"Teknik Destek - Kocaeli Grafik &amp; Web Tasar\u0131m Hizmetleri","robots":{"index":"index","follow":"follow","max-snippet":"max-snippet:-1","max-image-preview":"max-image-preview:large","max-video-preview":"max-video-preview:-1"},"canonical":"https:\/\/p2ptanitim.com\/index.php\/teknik-destek\/","og_locale":"tr_TR","og_type":"article","og_title":"Teknik Destek - Kocaeli Grafik &amp; Web Tasar\u0131m Hizmetleri","og_description":"[vc_section full_width=&#8221;stretch_row&#8221; pix_over_visibility=&#8221;&#8221; bottom_divider_select=&#8221;8&#8243; b_has_animation=&#8221;true&#8221; b_2_color=&#8221;rgba(255,255,255,0.01)&#8221; b_3_is_gradient=&#8221;true&#8221; b_3_color=&#8221;rgba(0,0,0,0.08)&#8221; b_3_color_2=&#8221;rgba(255,255,255,0.01)&#8221; b_3_animation=&#8221;fade-in-up&#8221; t_flip_h=&#8221;true&#8221; pix_overlay_color=&#8221;gray-1&#8243; responsive_css=&#8221;{&#8220;pix_res_sm_pt&#8220;:&#8220;20&#8220;,&#8220;pix_res_sm_pb&#8220;:&#8220;20&#8220;,&#8220;pix_res_md_pt&#8220;:&#8220;40&#8220;,&#8220;pix_res_md_pb&#8220;:&#8220;40&#8220;}&#8221; css=&#8221;.vc_custom_1614215508746{padding-top: 60px !important;padding-bottom: 40px !important;}&#8221; t_custom_height=&#8221;200px&#8221; b_custom_height=&#8221;300px&#8221; pix_overlay_opacity=&#8221;1&#8243; b_3_delay=&#8221;300&#8243;][vc_row full_width=&#8221;stretch_row&#8221; content_placement=&#8221;middle&#8221; pix_particles_check=&#8221;&#8221; responsive_css=&#8221;{&#8220;pix_res_sm_pt&#8220;:&#8220;40&#8220;,&#8220;pix_res_sm_pb&#8220;:&#8220;40&#8220;,&#8220;pix_res_md_pt&#8220;:&#8220;40&#8220;,&#8220;pix_res_md_pb&#8220;:&#8220;40&#8220;}&#8221;][vc_column content_align=&#8221;text-center&#8221; css=&#8221;.vc_custom_1613527831148{padding-top: 20px !important;padding-bottom: 20px !important;}&#8221; offset=&#8221;vc_col-lg-offset-3 vc_col-lg-6 vc_col-md-offset-2 vc_col-md-8&#8243;][\/vc_column][\/vc_row][\/vc_section][vc_section full_width=&#8221;stretch_row&#8221; pix_over_visibility=&#8221;&#8221; responsive_css=&#8221;{&#8220;pix_res_sm_pb&#8220;:&#8220;20&#8220;,&#8220;pix_res_md_pb&#8220;:&#8220;20&#8220;}&#8221; css=&#8221;.vc_custom_1614138816970{padding-top:...","og_url":"https:\/\/p2ptanitim.com\/index.php\/teknik-destek\/","og_site_name":"Kocaeli Grafik &amp; Web Tasar\u0131m Hizmetleri","article_modified_time":"2022-08-11T12:25:58+00:00","twitter_card":"summary_large_image","twitter_misc":{"Tahmini okuma s\u00fcresi":"5 dakika"},"schema":{"@context":"https:\/\/schema.org","@graph":[{"@type":"WebPage","@id":"https:\/\/p2ptanitim.com\/index.php\/teknik-destek\/","url":"https:\/\/p2ptanitim.com\/index.php\/teknik-destek\/","name":"Teknik Destek - Kocaeli Grafik &amp; Web Tasar\u0131m Hizmetleri","isPartOf":{"@id":"https:\/\/p2ptanitim.com\/#website"},"datePublished":"2021-02-16T22:03:36+00:00","dateModified":"2022-08-11T12:25:58+00:00","breadcrumb":{"@id":"https:\/\/p2ptanitim.com\/index.php\/teknik-destek\/#breadcrumb"},"inLanguage":"tr","potentialAction":[{"@type":"ReadAction","target":["https:\/\/p2ptanitim.com\/index.php\/teknik-destek\/"]}]},{"@type":"BreadcrumbList","@id":"https:\/\/p2ptanitim.com\/index.php\/teknik-destek\/#breadcrumb","itemListElement":[{"@type":"ListItem","position":1,"name":"Anasayfa","item":"https:\/\/p2ptanitim.com\/"},{"@type":"ListItem","position":2,"name":"Teknik Destek"}]},{"@type":"WebSite","@id":"https:\/\/p2ptanitim.com\/#website","url":"https:\/\/p2ptanitim.com\/","name":"Kocaeli Grafik & Web Tasar\u0131m Hizmetleri","description":"Fark\u0131n\u0131z Fark Edilsin!","publisher":{"@id":"https:\/\/p2ptanitim.com\/#organization"},"potentialAction":[{"@type":"SearchAction","target":{"@type":"EntryPoint","urlTemplate":"https:\/\/p2ptanitim.com\/?s={search_term_string}"},"query-input":{"@type":"PropertyValueSpecification","valueRequired":true,"valueName":"search_term_string"}}],"inLanguage":"tr"},{"@type":"Organization","@id":"https:\/\/p2ptanitim.com\/#organization","name":"Kocaeli Grafik & Web Tasar\u0131m Hizmetleri","url":"https:\/\/p2ptanitim.com\/","logo":{"@type":"ImageObject","inLanguage":"tr","@id":"https:\/\/p2ptanitim.com\/#\/schema\/logo\/image\/","url":"https:\/\/p2ptanitim.com\/wp-content\/uploads\/2023\/08\/P2P-Tanitim-Favicon.webp","contentUrl":"https:\/\/p2ptanitim.com\/wp-content\/uploads\/2023\/08\/P2P-Tanitim-Favicon.webp","width":250,"height":250,"caption":"Kocaeli Grafik & Web Tasar\u0131m Hizmetleri"},"image":{"@id":"https:\/\/p2ptanitim.com\/#\/schema\/logo\/image\/"}}]}},"_links":{"self":[{"href":"https:\/\/p2ptanitim.com\/index.php\/wp-json\/wp\/v2\/pages\/625","targetHints":{"allow":["GET"]}}],"collection":[{"href":"https:\/\/p2ptanitim.com\/index.php\/wp-json\/wp\/v2\/pages"}],"about":[{"href":"https:\/\/p2ptanitim.com\/index.php\/wp-json\/wp\/v2\/types\/page"}],"author":[{"embeddable":true,"href":"https:\/\/p2ptanitim.com\/index.php\/wp-json\/wp\/v2\/users\/1"}],"replies":[{"embeddable":true,"href":"https:\/\/p2ptanitim.com\/index.php\/wp-json\/wp\/v2\/comments?post=625"}],"version-history":[{"count":1,"href":"https:\/\/p2ptanitim.com\/index.php\/wp-json\/wp\/v2\/pages\/625\/revisions"}],"predecessor-version":[{"id":3555,"href":"https:\/\/p2ptanitim.com\/index.php\/wp-json\/wp\/v2\/pages\/625\/revisions\/3555"}],"wp:attachment":[{"href":"https:\/\/p2ptanitim.com\/index.php\/wp-json\/wp\/v2\/media?parent=625"}],"curies":[{"name":"wp","href":"https:\/\/api.w.org\/{rel}","templated":true}]}}